{"id":1334,"date":"2023-08-08T12:39:28","date_gmt":"2023-08-08T12:39:28","guid":{"rendered":"https:\/\/www.formenteralines.com\/?page_id=1334"},"modified":"2023-08-30T14:37:04","modified_gmt":"2023-08-30T14:37:04","slug":"flota-formentera-lines","status":"publish","type":"page","link":"https:\/\/int.formenteralines.dev\/?page_id=1334","title":{"rendered":"Flota Formentera Lines"},"content":{"rendered":"<div id=\"cs-content\" class=\"cs-content\"><\/div>\n","protected":false},"excerpt":{"rendered":"<p>FlotaFlotaBUQUES DE ALTA VELOCIDAD MAR\u00cdTIMA CON LA M\u00c1XIMA SEGURIDAD Y CONFORTBUQUES DE ALTA VELOCIDAD MAR\u00cdTIMA CON LA M\u00c1XIMA SEGURIDAD Y CONFORTFAST-FERRY EIVISSA JET FAST-FERRY IBIZA JETFAST-FERRY AIG\u00dcES\u00a0 DE FORMENTERAFERRY FORMENTERA EXPRESSFormentera Lines opera actualmente la ruta Ibiza-Formentera con 4 buques de alta velocidad con los m\u00e1s altos est\u00e1ndares de seguridad naval y confort a bordo, para que tu traves\u00eda de &#8230; <a href=\"https:\/\/int.formenteralines.dev\/?page_id=1334\" class=\"more-link\">Read More<\/a><\/p>\n","protected":false},"author":1,"featured_media":0,"parent":0,"menu_order":0,"comment_status":"closed","ping_status":"closed","template":"template-blank-4.php","meta":{"footnotes":""},"class_list":["post-1334","page","type-page","status-publish","hentry","no-post-thumbnail"],"yoast_head":"<!-- This site is optimized with the Yoast SEO Premium plugin v23.0 (Yoast SEO v23.7) - https:\/\/yoast.com\/wordpress\/plugins\/seo\/ -->\n<title>Flota Formentera Lines - Formentera Lines<\/title>\n<meta name=\"robots\" content=\"noindex, follow, max-snippet:-1, max-image-preview:large, max-video-preview:-1\" \/>\n<meta property=\"og:locale\" content=\"es_ES\" \/>\n<meta property=\"og:type\" content=\"article\" \/>\n<meta property=\"og:title\" content=\"Flota Formentera Lines\" \/>\n<meta property=\"og:description\" content=\"FlotaFlotaBUQUES DE ALTA VELOCIDAD MAR\u00cdTIMA CON LA M\u00c1XIMA SEGURIDAD Y CONFORTBUQUES DE ALTA VELOCIDAD MAR\u00cdTIMA CON LA M\u00c1XIMA SEGURIDAD Y CONFORTFAST-FERRY EIVISSA JET FAST-FERRY IBIZA JETFAST-FERRY AIG\u00dcES\u00a0 DE FORMENTERAFERRY FORMENTERA EXPRESSFormentera Lines opera actualmente la ruta Ibiza-Formentera con 4 buques de alta velocidad con los m\u00e1s altos est\u00e1ndares de seguridad naval y confort a bordo, para que tu traves\u00eda de ... Read More\" \/>\n<meta property=\"og:url\" content=\"https:\/\/int.formenteralines.dev\/?page_id=1334\" \/>\n<meta property=\"og:site_name\" content=\"Formentera Lines\" \/>\n<meta property=\"article:modified_time\" content=\"2023-08-30T14:37:04+00:00\" \/>\n<meta name=\"twitter:card\" content=\"summary_large_image\" \/>\n<meta name=\"twitter:label1\" content=\"Tiempo de lectura\" \/>\n\t<meta name=\"twitter:data1\" content=\"5 minutos\" \/>\n<script type=\"application\/ld+json\" class=\"yoast-schema-graph\">{\"@context\":\"https:\/\/schema.org\",\"@graph\":[{\"@type\":\"WebPage\",\"@id\":\"https:\/\/int.formenteralines.dev\/?page_id=1334\",\"url\":\"https:\/\/int.formenteralines.dev\/?page_id=1334\",\"name\":\"Flota Formentera Lines - Formentera Lines\",\"isPartOf\":{\"@id\":\"https:\/\/int.formenteralines.dev\/#website\"},\"datePublished\":\"2023-08-08T12:39:28+00:00\",\"dateModified\":\"2023-08-30T14:37:04+00:00\",\"breadcrumb\":{\"@id\":\"https:\/\/int.formenteralines.dev\/?page_id=1334#breadcrumb\"},\"inLanguage\":\"es\",\"potentialAction\":[{\"@type\":\"ReadAction\",\"target\":[\"https:\/\/int.formenteralines.dev\/?page_id=1334\"]}]},{\"@type\":\"BreadcrumbList\",\"@id\":\"https:\/\/int.formenteralines.dev\/?page_id=1334#breadcrumb\",\"itemListElement\":[{\"@type\":\"ListItem\",\"position\":1,\"name\":\"Portada\",\"item\":\"https:\/\/int.formenteralines.dev\/\"},{\"@type\":\"ListItem\",\"position\":2,\"name\":\"Flota Formentera Lines\"}]},{\"@type\":\"WebSite\",\"@id\":\"https:\/\/int.formenteralines.dev\/#website\",\"url\":\"https:\/\/int.formenteralines.dev\/\",\"name\":\"Formentera Lines\",\"description\":\"\",\"potentialAction\":[{\"@type\":\"SearchAction\",\"target\":{\"@type\":\"EntryPoint\",\"urlTemplate\":\"https:\/\/int.formenteralines.dev\/?s={search_term_string}\"},\"query-input\":{\"@type\":\"PropertyValueSpecification\",\"valueRequired\":true,\"valueName\":\"search_term_string\"}}],\"inLanguage\":\"es\"}]}<\/script>\n<!-- \/ Yoast SEO Premium plugin. -->","yoast_head_json":{"title":"Flota Formentera Lines - Formentera Lines","robots":{"index":"noindex","follow":"follow","max-snippet":"max-snippet:-1","max-image-preview":"max-image-preview:large","max-video-preview":"max-video-preview:-1"},"og_locale":"es_ES","og_type":"article","og_title":"Flota Formentera Lines","og_description":"FlotaFlotaBUQUES DE ALTA VELOCIDAD MAR\u00cdTIMA CON LA M\u00c1XIMA SEGURIDAD Y CONFORTBUQUES DE ALTA VELOCIDAD MAR\u00cdTIMA CON LA M\u00c1XIMA SEGURIDAD Y CONFORTFAST-FERRY EIVISSA JET FAST-FERRY IBIZA JETFAST-FERRY AIG\u00dcES\u00a0 DE FORMENTERAFERRY FORMENTERA EXPRESSFormentera Lines opera actualmente la ruta Ibiza-Formentera con 4 buques de alta velocidad con los m\u00e1s altos est\u00e1ndares de seguridad naval y confort a bordo, para que tu traves\u00eda de ... Read More","og_url":"https:\/\/int.formenteralines.dev\/?page_id=1334","og_site_name":"Formentera Lines","article_modified_time":"2023-08-30T14:37:04+00:00","twitter_card":"summary_large_image","twitter_misc":{"Tiempo de lectura":"5 minutos"},"schema":{"@context":"https:\/\/schema.org","@graph":[{"@type":"WebPage","@id":"https:\/\/int.formenteralines.dev\/?page_id=1334","url":"https:\/\/int.formenteralines.dev\/?page_id=1334","name":"Flota Formentera Lines - Formentera Lines","isPartOf":{"@id":"https:\/\/int.formenteralines.dev\/#website"},"datePublished":"2023-08-08T12:39:28+00:00","dateModified":"2023-08-30T14:37:04+00:00","breadcrumb":{"@id":"https:\/\/int.formenteralines.dev\/?page_id=1334#breadcrumb"},"inLanguage":"es","potentialAction":[{"@type":"ReadAction","target":["https:\/\/int.formenteralines.dev\/?page_id=1334"]}]},{"@type":"BreadcrumbList","@id":"https:\/\/int.formenteralines.dev\/?page_id=1334#breadcrumb","itemListElement":[{"@type":"ListItem","position":1,"name":"Portada","item":"https:\/\/int.formenteralines.dev\/"},{"@type":"ListItem","position":2,"name":"Flota Formentera Lines"}]},{"@type":"WebSite","@id":"https:\/\/int.formenteralines.dev\/#website","url":"https:\/\/int.formenteralines.dev\/","name":"Formentera Lines","description":"","potentialAction":[{"@type":"SearchAction","target":{"@type":"EntryPoint","urlTemplate":"https:\/\/int.formenteralines.dev\/?s={search_term_string}"},"query-input":{"@type":"PropertyValueSpecification","valueRequired":true,"valueName":"search_term_string"}}],"inLanguage":"es"}]}},"_links":{"self":[{"href":"https:\/\/int.formenteralines.dev\/index.php?rest_route=\/wp\/v2\/pages\/1334","targetHints":{"allow":["GET"]}}],"collection":[{"href":"https:\/\/int.formenteralines.dev\/index.php?rest_route=\/wp\/v2\/pages"}],"about":[{"href":"https:\/\/int.formenteralines.dev\/index.php?rest_route=\/wp\/v2\/types\/page"}],"author":[{"embeddable":true,"href":"https:\/\/int.formenteralines.dev\/index.php?rest_route=\/wp\/v2\/users\/1"}],"replies":[{"embeddable":true,"href":"https:\/\/int.formenteralines.dev\/index.php?rest_route=%2Fwp%2Fv2%2Fcomments&post=1334"}],"version-history":[{"count":22,"href":"https:\/\/int.formenteralines.dev\/index.php?rest_route=\/wp\/v2\/pages\/1334\/revisions"}],"predecessor-version":[{"id":1563,"href":"https:\/\/int.formenteralines.dev\/index.php?rest_route=\/wp\/v2\/pages\/1334\/revisions\/1563"}],"wp:attachment":[{"href":"https:\/\/int.formenteralines.dev\/index.php?rest_route=%2Fwp%2Fv2%2Fmedia&parent=1334"}],"curies":[{"name":"wp","href":"https:\/\/api.w.org\/{rel}","templated":true}]}}