{"id":1528,"date":"2023-08-30T14:02:54","date_gmt":"2023-08-30T14:02:54","guid":{"rendered":"https:\/\/www.formenteralines.com\/?page_id=1528"},"modified":"2023-08-30T14:03:30","modified_gmt":"2023-08-30T14:03:30","slug":"cookies-cat","status":"publish","type":"page","link":"https:\/\/int.formenteralines.dev\/?page_id=1528&lang=ca","title":{"rendered":"Cookies CAT"},"content":{"rendered":"<div id=\"cs-content\" class=\"cs-content\"><\/div>\n","protected":false},"excerpt":{"rendered":"<p>POL\u00cdTICA DE COOKIESEl lloc web www.formenteralines.com pot emmagatzemar o recuperar informaci\u00f3 en el seu navegador, principalment en forma de \u201ccookies\u201d. Aquesta informaci\u00f3. Que pot ser sobre vost\u00e8, les seves prefer\u00e8ncies o el seu dispositiu d\u2019Internet (ordinador, Tablet o m\u00f2bil), s\u2019utilitza principalment per a que el lloc funcioni de la forma esperada i podem oferir-li una experi\u00e8ncia web m\u00e9s personalitzada i &#8230; <a href=\"https:\/\/int.formenteralines.dev\/?page_id=1528&#038;lang=ca\" class=\"more-link\">Read More<\/a><\/p>\n","protected":false},"author":1,"featured_media":0,"parent":0,"menu_order":0,"comment_status":"closed","ping_status":"closed","template":"template-blank-4.php","meta":{"footnotes":""},"class_list":["post-1528","page","type-page","status-publish","hentry","no-post-thumbnail"],"yoast_head":"<!-- This site is optimized with the Yoast SEO Premium plugin v23.0 (Yoast SEO v23.7) - https:\/\/yoast.com\/wordpress\/plugins\/seo\/ -->\n<title>Cookies CAT - Formentera Lines<\/title>\n<meta name=\"robots\" content=\"noindex, follow, max-snippet:-1, max-image-preview:large, max-video-preview:-1\" \/>\n<meta property=\"og:locale\" content=\"es_ES\" \/>\n<meta property=\"og:type\" content=\"article\" \/>\n<meta property=\"og:title\" content=\"Cookies CAT\" \/>\n<meta property=\"og:description\" content=\"POL\u00cdTICA DE COOKIESEl lloc web www.formenteralines.com pot emmagatzemar o recuperar informaci\u00f3 en el seu navegador, principalment en forma de \u201ccookies\u201d. Aquesta informaci\u00f3. Que pot ser sobre vost\u00e8, les seves prefer\u00e8ncies o el seu dispositiu d\u2019Internet (ordinador, Tablet o m\u00f2bil), s\u2019utilitza principalment per a que el lloc funcioni de la forma esperada i podem oferir-li una experi\u00e8ncia web m\u00e9s personalitzada i ... Read More\" \/>\n<meta property=\"og:url\" content=\"https:\/\/int.formenteralines.dev\/?page_id=1528&amp;lang=ca\" \/>\n<meta property=\"og:site_name\" content=\"Formentera Lines\" \/>\n<meta property=\"article:modified_time\" content=\"2023-08-30T14:03:30+00:00\" \/>\n<meta name=\"twitter:card\" content=\"summary_large_image\" \/>\n<meta name=\"twitter:label1\" content=\"Tiempo de lectura\" \/>\n\t<meta name=\"twitter:data1\" content=\"3 minutos\" \/>\n<script type=\"application\/ld+json\" class=\"yoast-schema-graph\">{\"@context\":\"https:\/\/schema.org\",\"@graph\":[{\"@type\":\"WebPage\",\"@id\":\"https:\/\/int.formenteralines.dev\/?page_id=1528&lang=ca\",\"url\":\"https:\/\/int.formenteralines.dev\/?page_id=1528&lang=ca\",\"name\":\"Cookies CAT - Formentera Lines\",\"isPartOf\":{\"@id\":\"https:\/\/int.formenteralines.dev\/#website\"},\"datePublished\":\"2023-08-30T14:02:54+00:00\",\"dateModified\":\"2023-08-30T14:03:30+00:00\",\"breadcrumb\":{\"@id\":\"https:\/\/int.formenteralines.dev\/?page_id=1528&lang=ca#breadcrumb\"},\"inLanguage\":\"es\",\"potentialAction\":[{\"@type\":\"ReadAction\",\"target\":[\"https:\/\/int.formenteralines.dev\/?page_id=1528&lang=ca\"]}]},{\"@type\":\"BreadcrumbList\",\"@id\":\"https:\/\/int.formenteralines.dev\/?page_id=1528&lang=ca#breadcrumb\",\"itemListElement\":[{\"@type\":\"ListItem\",\"position\":1,\"name\":\"Portada\",\"item\":\"https:\/\/int.formenteralines.dev\/\"},{\"@type\":\"ListItem\",\"position\":2,\"name\":\"Cookies CAT\"}]},{\"@type\":\"WebSite\",\"@id\":\"https:\/\/int.formenteralines.dev\/#website\",\"url\":\"https:\/\/int.formenteralines.dev\/\",\"name\":\"Formentera Lines\",\"description\":\"\",\"potentialAction\":[{\"@type\":\"SearchAction\",\"target\":{\"@type\":\"EntryPoint\",\"urlTemplate\":\"https:\/\/int.formenteralines.dev\/?s={search_term_string}\"},\"query-input\":{\"@type\":\"PropertyValueSpecification\",\"valueRequired\":true,\"valueName\":\"search_term_string\"}}],\"inLanguage\":\"es\"}]}<\/script>\n<!-- \/ Yoast SEO Premium plugin. -->","yoast_head_json":{"title":"Cookies CAT - Formentera Lines","robots":{"index":"noindex","follow":"follow","max-snippet":"max-snippet:-1","max-image-preview":"max-image-preview:large","max-video-preview":"max-video-preview:-1"},"og_locale":"es_ES","og_type":"article","og_title":"Cookies CAT","og_description":"POL\u00cdTICA DE COOKIESEl lloc web www.formenteralines.com pot emmagatzemar o recuperar informaci\u00f3 en el seu navegador, principalment en forma de \u201ccookies\u201d. Aquesta informaci\u00f3. Que pot ser sobre vost\u00e8, les seves prefer\u00e8ncies o el seu dispositiu d\u2019Internet (ordinador, Tablet o m\u00f2bil), s\u2019utilitza principalment per a que el lloc funcioni de la forma esperada i podem oferir-li una experi\u00e8ncia web m\u00e9s personalitzada i ... Read More","og_url":"https:\/\/int.formenteralines.dev\/?page_id=1528&lang=ca","og_site_name":"Formentera Lines","article_modified_time":"2023-08-30T14:03:30+00:00","twitter_card":"summary_large_image","twitter_misc":{"Tiempo de lectura":"3 minutos"},"schema":{"@context":"https:\/\/schema.org","@graph":[{"@type":"WebPage","@id":"https:\/\/int.formenteralines.dev\/?page_id=1528&lang=ca","url":"https:\/\/int.formenteralines.dev\/?page_id=1528&lang=ca","name":"Cookies CAT - Formentera Lines","isPartOf":{"@id":"https:\/\/int.formenteralines.dev\/#website"},"datePublished":"2023-08-30T14:02:54+00:00","dateModified":"2023-08-30T14:03:30+00:00","breadcrumb":{"@id":"https:\/\/int.formenteralines.dev\/?page_id=1528&lang=ca#breadcrumb"},"inLanguage":"es","potentialAction":[{"@type":"ReadAction","target":["https:\/\/int.formenteralines.dev\/?page_id=1528&lang=ca"]}]},{"@type":"BreadcrumbList","@id":"https:\/\/int.formenteralines.dev\/?page_id=1528&lang=ca#breadcrumb","itemListElement":[{"@type":"ListItem","position":1,"name":"Portada","item":"https:\/\/int.formenteralines.dev\/"},{"@type":"ListItem","position":2,"name":"Cookies CAT"}]},{"@type":"WebSite","@id":"https:\/\/int.formenteralines.dev\/#website","url":"https:\/\/int.formenteralines.dev\/","name":"Formentera Lines","description":"","potentialAction":[{"@type":"SearchAction","target":{"@type":"EntryPoint","urlTemplate":"https:\/\/int.formenteralines.dev\/?s={search_term_string}"},"query-input":{"@type":"PropertyValueSpecification","valueRequired":true,"valueName":"search_term_string"}}],"inLanguage":"es"}]}},"_links":{"self":[{"href":"https:\/\/int.formenteralines.dev\/index.php?rest_route=\/wp\/v2\/pages\/1528","targetHints":{"allow":["GET"]}}],"collection":[{"href":"https:\/\/int.formenteralines.dev\/index.php?rest_route=\/wp\/v2\/pages"}],"about":[{"href":"https:\/\/int.formenteralines.dev\/index.php?rest_route=\/wp\/v2\/types\/page"}],"author":[{"embeddable":true,"href":"https:\/\/int.formenteralines.dev\/index.php?rest_route=\/wp\/v2\/users\/1"}],"replies":[{"embeddable":true,"href":"https:\/\/int.formenteralines.dev\/index.php?rest_route=%2Fwp%2Fv2%2Fcomments&post=1528"}],"version-history":[{"count":3,"href":"https:\/\/int.formenteralines.dev\/index.php?rest_route=\/wp\/v2\/pages\/1528\/revisions"}],"predecessor-version":[{"id":1531,"href":"https:\/\/int.formenteralines.dev\/index.php?rest_route=\/wp\/v2\/pages\/1528\/revisions\/1531"}],"wp:attachment":[{"href":"https:\/\/int.formenteralines.dev\/index.php?rest_route=%2Fwp%2Fv2%2Fmedia&parent=1528"}],"curies":[{"name":"wp","href":"https:\/\/api.w.org\/{rel}","templated":true}]}}