{"id":1596,"date":"2023-08-31T15:30:57","date_gmt":"2023-08-31T15:30:57","guid":{"rendered":"https:\/\/www.formenteralines.com\/?page_id=1596"},"modified":"2023-08-31T15:47:57","modified_gmt":"2023-08-31T15:47:57","slug":"club-cat","status":"publish","type":"page","link":"https:\/\/int.formenteralines.dev\/?page_id=1596&lang=ca","title":{"rendered":"Club CAT"},"content":{"rendered":"<div id=\"cs-content\" class=\"cs-content\"><\/div>\n","protected":false},"excerpt":{"rendered":"<p>Formentera Lines ClubFormentera Lines Club \u00e9s el programa de fidelitzaci\u00f3 i la nostra especial forma d&#8217;agrair la teva confian\u00e7a i recompensar-te per triar-nos pels teus viatges entre illes. Hem preparat, amb molt d&#8217;afecte, bons de descompte, promocions exclusives, premis, regals i alguna sorpresa m\u00e9s, nom\u00e9s per a tu. Tamb\u00e9 participar\u00e0s a l&#8217;exclusiu programa &#8216;Compra a Casa&#8217;, que t&#8217;ofereix percentatges de &#8230; <a href=\"https:\/\/int.formenteralines.dev\/?page_id=1596&#038;lang=ca\" class=\"more-link\">Read More<\/a><\/p>\n","protected":false},"author":1,"featured_media":0,"parent":0,"menu_order":0,"comment_status":"closed","ping_status":"closed","template":"template-blank-4.php","meta":{"footnotes":""},"class_list":["post-1596","page","type-page","status-publish","hentry","no-post-thumbnail"],"yoast_head":"<!-- This site is optimized with the Yoast SEO Premium plugin v23.0 (Yoast SEO v23.7) - https:\/\/yoast.com\/wordpress\/plugins\/seo\/ -->\n<title>Club CAT - Formentera Lines<\/title>\n<meta name=\"robots\" content=\"noindex, follow, max-snippet:-1, max-image-preview:large, max-video-preview:-1\" \/>\n<meta property=\"og:locale\" content=\"es_ES\" \/>\n<meta property=\"og:type\" content=\"article\" \/>\n<meta property=\"og:title\" content=\"Club CAT\" \/>\n<meta property=\"og:description\" content=\"Formentera Lines ClubFormentera Lines Club \u00e9s el programa de fidelitzaci\u00f3 i la nostra especial forma d&#039;agrair la teva confian\u00e7a i recompensar-te per triar-nos pels teus viatges entre illes. Hem preparat, amb molt d&#039;afecte, bons de descompte, promocions exclusives, premis, regals i alguna sorpresa m\u00e9s, nom\u00e9s per a tu. Tamb\u00e9 participar\u00e0s a l&#039;exclusiu programa &#039;Compra a Casa&#039;, que t&#039;ofereix percentatges de ... Read More\" \/>\n<meta property=\"og:url\" content=\"https:\/\/int.formenteralines.dev\/?page_id=1596&amp;lang=ca\" \/>\n<meta property=\"og:site_name\" content=\"Formentera Lines\" \/>\n<meta property=\"article:modified_time\" content=\"2023-08-31T15:47:57+00:00\" \/>\n<meta name=\"twitter:card\" content=\"summary_large_image\" \/>\n<meta name=\"twitter:label1\" content=\"Tiempo de lectura\" \/>\n\t<meta name=\"twitter:data1\" content=\"13 minutos\" \/>\n<script type=\"application\/ld+json\" class=\"yoast-schema-graph\">{\"@context\":\"https:\/\/schema.org\",\"@graph\":[{\"@type\":\"WebPage\",\"@id\":\"https:\/\/int.formenteralines.dev\/?page_id=1596&lang=ca\",\"url\":\"https:\/\/int.formenteralines.dev\/?page_id=1596&lang=ca\",\"name\":\"Club CAT - Formentera Lines\",\"isPartOf\":{\"@id\":\"https:\/\/int.formenteralines.dev\/#website\"},\"datePublished\":\"2023-08-31T15:30:57+00:00\",\"dateModified\":\"2023-08-31T15:47:57+00:00\",\"breadcrumb\":{\"@id\":\"https:\/\/int.formenteralines.dev\/?page_id=1596&lang=ca#breadcrumb\"},\"inLanguage\":\"es\",\"potentialAction\":[{\"@type\":\"ReadAction\",\"target\":[\"https:\/\/int.formenteralines.dev\/?page_id=1596&lang=ca\"]}]},{\"@type\":\"BreadcrumbList\",\"@id\":\"https:\/\/int.formenteralines.dev\/?page_id=1596&lang=ca#breadcrumb\",\"itemListElement\":[{\"@type\":\"ListItem\",\"position\":1,\"name\":\"Portada\",\"item\":\"https:\/\/int.formenteralines.dev\/\"},{\"@type\":\"ListItem\",\"position\":2,\"name\":\"Club CAT\"}]},{\"@type\":\"WebSite\",\"@id\":\"https:\/\/int.formenteralines.dev\/#website\",\"url\":\"https:\/\/int.formenteralines.dev\/\",\"name\":\"Formentera Lines\",\"description\":\"\",\"potentialAction\":[{\"@type\":\"SearchAction\",\"target\":{\"@type\":\"EntryPoint\",\"urlTemplate\":\"https:\/\/int.formenteralines.dev\/?s={search_term_string}\"},\"query-input\":{\"@type\":\"PropertyValueSpecification\",\"valueRequired\":true,\"valueName\":\"search_term_string\"}}],\"inLanguage\":\"es\"}]}<\/script>\n<!-- \/ Yoast SEO Premium plugin. -->","yoast_head_json":{"title":"Club CAT - Formentera Lines","robots":{"index":"noindex","follow":"follow","max-snippet":"max-snippet:-1","max-image-preview":"max-image-preview:large","max-video-preview":"max-video-preview:-1"},"og_locale":"es_ES","og_type":"article","og_title":"Club CAT","og_description":"Formentera Lines ClubFormentera Lines Club \u00e9s el programa de fidelitzaci\u00f3 i la nostra especial forma d'agrair la teva confian\u00e7a i recompensar-te per triar-nos pels teus viatges entre illes. Hem preparat, amb molt d'afecte, bons de descompte, promocions exclusives, premis, regals i alguna sorpresa m\u00e9s, nom\u00e9s per a tu. Tamb\u00e9 participar\u00e0s a l'exclusiu programa 'Compra a Casa', que t'ofereix percentatges de ... Read More","og_url":"https:\/\/int.formenteralines.dev\/?page_id=1596&lang=ca","og_site_name":"Formentera Lines","article_modified_time":"2023-08-31T15:47:57+00:00","twitter_card":"summary_large_image","twitter_misc":{"Tiempo de lectura":"13 minutos"},"schema":{"@context":"https:\/\/schema.org","@graph":[{"@type":"WebPage","@id":"https:\/\/int.formenteralines.dev\/?page_id=1596&lang=ca","url":"https:\/\/int.formenteralines.dev\/?page_id=1596&lang=ca","name":"Club CAT - Formentera Lines","isPartOf":{"@id":"https:\/\/int.formenteralines.dev\/#website"},"datePublished":"2023-08-31T15:30:57+00:00","dateModified":"2023-08-31T15:47:57+00:00","breadcrumb":{"@id":"https:\/\/int.formenteralines.dev\/?page_id=1596&lang=ca#breadcrumb"},"inLanguage":"es","potentialAction":[{"@type":"ReadAction","target":["https:\/\/int.formenteralines.dev\/?page_id=1596&lang=ca"]}]},{"@type":"BreadcrumbList","@id":"https:\/\/int.formenteralines.dev\/?page_id=1596&lang=ca#breadcrumb","itemListElement":[{"@type":"ListItem","position":1,"name":"Portada","item":"https:\/\/int.formenteralines.dev\/"},{"@type":"ListItem","position":2,"name":"Club CAT"}]},{"@type":"WebSite","@id":"https:\/\/int.formenteralines.dev\/#website","url":"https:\/\/int.formenteralines.dev\/","name":"Formentera Lines","description":"","potentialAction":[{"@type":"SearchAction","target":{"@type":"EntryPoint","urlTemplate":"https:\/\/int.formenteralines.dev\/?s={search_term_string}"},"query-input":{"@type":"PropertyValueSpecification","valueRequired":true,"valueName":"search_term_string"}}],"inLanguage":"es"}]}},"_links":{"self":[{"href":"https:\/\/int.formenteralines.dev\/index.php?rest_route=\/wp\/v2\/pages\/1596","targetHints":{"allow":["GET"]}}],"collection":[{"href":"https:\/\/int.formenteralines.dev\/index.php?rest_route=\/wp\/v2\/pages"}],"about":[{"href":"https:\/\/int.formenteralines.dev\/index.php?rest_route=\/wp\/v2\/types\/page"}],"author":[{"embeddable":true,"href":"https:\/\/int.formenteralines.dev\/index.php?rest_route=\/wp\/v2\/users\/1"}],"replies":[{"embeddable":true,"href":"https:\/\/int.formenteralines.dev\/index.php?rest_route=%2Fwp%2Fv2%2Fcomments&post=1596"}],"version-history":[{"count":15,"href":"https:\/\/int.formenteralines.dev\/index.php?rest_route=\/wp\/v2\/pages\/1596\/revisions"}],"predecessor-version":[{"id":1611,"href":"https:\/\/int.formenteralines.dev\/index.php?rest_route=\/wp\/v2\/pages\/1596\/revisions\/1611"}],"wp:attachment":[{"href":"https:\/\/int.formenteralines.dev\/index.php?rest_route=%2Fwp%2Fv2%2Fmedia&parent=1596"}],"curies":[{"name":"wp","href":"https:\/\/api.w.org\/{rel}","templated":true}]}}