{"id":31,"date":"2017-09-05T11:03:41","date_gmt":"2017-09-05T11:03:41","guid":{"rendered":"http:\/\/flines.theshippingbusiness.com\/explore"},"modified":"2024-06-26T07:32:39","modified_gmt":"2024-06-26T07:32:39","slug":"contactar","status":"publish","type":"page","link":"https:\/\/int.formenteralines.dev\/?page_id=31","title":{"rendered":"Contactar"},"content":{"rendered":"<div id=\"cs-content\" class=\"cs-content\"><div class=\"x-section x-hide-sm x-hide-xs e31-e1 mv-0 mv-1 mv-2 mv-3 mv-4 mv-5\"><div class=\"x-bg\" aria-hidden=\"true\"><div class=\"x-bg-layer-lower-image\" data-x-element-bg-layer=\"{&quot;parallaxSize&quot;:&quot;150%&quot;,&quot;parallaxDir&quot;:&quot;v&quot;,&quot;parallaxRev&quot;:false}\" style=\" background-image: url(https:\/\/int.formenteralines.dev\/wp-content\/uploads\/2022\/11\/FORMENTERA_PIC6.jpg); background-repeat: no-repeat; background-position: center; background-size: cover;\"><\/div><div class=\"x-bg-layer-upper-color\" style=\" background-color: rgba(0, 64, 255, 0.1);\"><\/div><\/div><div class=\"x-row x-container max width e31-e2 mv-h mv-i mv-j mv-n mv-o\"><div class=\"x-row-inner\"><div class=\"x-col e31-e3 mv-14 mv-15 mv-16\"><hr  class=\"x-gap\" style=\"margin: 50px 0 0 0;\"><span class=\"x-image e31-e5 mv-18 mv-19\"><img decoding=\"async\" src=\"https:\/\/int.formenteralines.dev\/wp-content\/uploads\/2022\/12\/ISOTIPO_FLINES_1_BLANCO.png\" width=\"827\" height=\"1300\" alt=\"Image\" loading=\"lazy\"><\/span><hr  class=\"x-gap\" style=\"margin: 250px 0 0 0;\"><\/div><div class=\"x-col e31-e7 mv-14 mv-15\"><hr  class=\"x-gap\" style=\"margin: 50px 0 0 0;\"><div class=\"x-text x-text-headline e31-e9 mv-1d mv-1e mv-1f mv-1g mv-1h\"><div class=\"x-text-content\"><div class=\"x-text-content-text\"><h1 class=\"x-text-content-text-primary\">Cont\u00e1ctanos<\/h1><\/div><\/div><\/div><div class=\"x-text x-text-headline e31-e10 mv-1d mv-1f mv-1h mv-1i mv-1j\"><div class=\"x-text-content\"><div class=\"x-text-content-text\"><h1 class=\"x-text-content-text-primary\">Y HAZ QUE TU VIAJE CUENTE M\u00c1S!<\/h1><\/div><\/div><\/div><div class=\"x-text x-text-headline x-hide-lg x-hide-md x-hide-sm x-hide-xl x-hide-xs e31-e11 mv-1d mv-1f mv-1j mv-1k mv-1l\"><div class=\"x-text-content\"><div class=\"x-text-content-text\"><h1 class=\"x-text-content-text-primary\">\u00bfSabes que donamos 0,50 \u20ac por cada trayecto que compres para la protecci\u00f3n y recuperaci\u00f3n de la Posidonia Oce\u00e1nica?<\/h1><\/div><\/div><\/div><hr  class=\"x-gap\" style=\"margin: 350px 0 0 0;\"><\/div><\/div><\/div><\/div><div class=\"x-section x-hide-lg x-hide-md x-hide-sm x-hide-xl x-hide-xs e31-e13 mv-1 mv-3 mv-5 mv-6\"><div class=\"x-bg\" aria-hidden=\"true\"><div class=\"x-bg-layer-lower-image\" style=\" background-image: url(https:\/\/int.formenteralines.dev\/wp-content\/uploads\/2022\/11\/OLAVERDE.png); background-repeat: no-repeat; background-position: center; background-size: cover;\"><\/div><\/div><div class=\"x-row x-container max width e31-e14 mv-h mv-i mv-j mv-n mv-p\"><div class=\"x-row-inner\"><div class=\"x-col e31-e15 mv-14 mv-15\"><hr  class=\"x-gap\" style=\"margin: 150px 0 0 0;\"><\/div><\/div><\/div><\/div><div class=\"x-section x-hide-lg x-hide-md x-hide-sm x-hide-xl x-hide-xs e31-e17 mv-1 mv-3 mv-5 mv-6\"><div class=\"x-bg\" aria-hidden=\"true\"><div class=\"x-bg-layer-lower-image\" style=\" background-image: url(https:\/\/int.formenteralines.dev\/wp-content\/uploads\/2022\/11\/OLAVERDE.png); background-repeat: no-repeat; background-position: center; background-size: cover;\"><\/div><\/div><div class=\"x-row x-container max width e31-e18 mv-h mv-i mv-j mv-n mv-q\"><div class=\"x-row-inner\"><div class=\"x-col e31-e19 mv-14 mv-15\"><hr  class=\"x-gap\" style=\"margin: 150px 0 0 0;\"><\/div><\/div><\/div><\/div><div class=\"x-section x-hide-sm x-hide-xs e31-e21 mv-0 mv-1 mv-5 mv-7 mv-8\"><div class=\"x-row x-container max width e31-e22 mv-h mv-i mv-j mv-n mv-r\"><div class=\"x-row-inner\"><div class=\"x-col e31-e23 mv-14 mv-15\"><div class=\"x-text x-content e31-e24 mv-1p mv-1q mv-1r mv-1s mv-1t mv-1u mv-1v mv-1w mv-1x\"><p>CONTACT CENTER<\/p><\/div><\/div><div class=\"x-col e31-e25 mv-14 mv-15\"><a class=\"x-div e31-e26 mv-2k mv-2l\" href=\"tel:971323107\"><div class=\"x-text x-content e31-e27 mv-1p mv-1q mv-1r mv-1s mv-1t mv-1u mv-1v mv-1x\"><img loading=\"lazy\" decoding=\"async\" src=\"https:\/\/int.formenteralines.dev\/wp-content\/uploads\/2024\/06\/telefono-_1_.png\" alt=\"\" width=\"60\" height=\"60\" class=\"alignnone wp-image-1795\" srcset=\"https:\/\/int.formenteralines.dev\/wp-content\/uploads\/2024\/06\/telefono-_1_.png 1600w, https:\/\/int.formenteralines.dev\/wp-content\/uploads\/2024\/06\/telefono-_1_-300x300.png 300w, https:\/\/int.formenteralines.dev\/wp-content\/uploads\/2024\/06\/telefono-_1_-1024x1024.png 1024w, https:\/\/int.formenteralines.dev\/wp-content\/uploads\/2024\/06\/telefono-_1_-150x150.png 150w, https:\/\/int.formenteralines.dev\/wp-content\/uploads\/2024\/06\/telefono-_1_-768x768.png 768w, https:\/\/int.formenteralines.dev\/wp-content\/uploads\/2024\/06\/telefono-_1_-1536x1536.png 1536w, https:\/\/int.formenteralines.dev\/wp-content\/uploads\/2024\/06\/telefono-_1_-100x100.png 100w, https:\/\/int.formenteralines.dev\/wp-content\/uploads\/2024\/06\/telefono-_1_-1184x1184.png 1184w\" sizes=\"auto, (max-width: 60px) 100vw, 60px\" \/>\u00a0 \u00a0 971 323 107<\/div><\/a><\/div><div class=\"x-col e31-e28 mv-14 mv-15\"><div class=\"x-text x-content e31-e29 mv-1p mv-1q mv-1r mv-1v mv-1w mv-1x mv-1y mv-1z mv-20\"><p>(Venta Billetes e informaci\u00f3n reservas)<\/p>\n<p>Lunes a Domingo : 09:00 - 22:00<\/p><\/div><\/div><div class=\"x-col e31-e30 mv-14 mv-15\"><a class=\"x-div e31-e31 mv-2k\" href=\"mailto:callcenter@formenteralines.com\"><div class=\"x-text x-content e31-e32 mv-1p mv-1q mv-1r mv-1u mv-1v mv-1w mv-1x mv-1z mv-21\">callcenter@formenteralines.com<\/div><\/a><\/div><\/div><\/div><\/div><div class=\"x-section x-hide-sm x-hide-xs e31-e33 mv-0 mv-1 mv-5 mv-7 mv-9\"><div class=\"x-row x-container max width e31-e34 mv-h mv-i mv-j mv-n mv-s\"><div class=\"x-row-inner\"><div class=\"x-col e31-e35 mv-14 mv-15\"><div class=\"x-text x-content e31-e36 mv-1p mv-1q mv-1r mv-1t mv-1u mv-1v mv-1w mv-1x mv-22 mb-1_3em\"><span style=\"text-decoration: underline;\">Taquillas Ibiza<\/span><\/div><div class=\"x-text x-content e31-e37 mv-1p mv-1q mv-1r mv-1v mv-1w mv-1x mv-1z mv-23 mv-24\"><p>Estaci\u00f3n Mar\u00edtima Ibiza-Formentera<\/p>\n<p>Avenida Santa Eulalia del R\u00edo 100 A<\/p>\n<p>Taquilla 3 y 4<\/p>\n<p>07800 Ibiza<\/p><\/div><\/div><div class=\"x-col e31-e38 mv-14 mv-15\"><div class=\"x-text x-content e31-e39 mv-1p mv-1q mv-1r mv-1t mv-1u mv-1v mv-1w mv-1x mv-22 mb-1_3em\"><span style=\"text-decoration: underline;\">Taquillas Formentera<\/span><\/div><div class=\"x-text x-content e31-e40 mv-1p mv-1q mv-1r mv-1v mv-1w mv-1x mv-1z mv-23 mv-24\"><p>Estaci\u00f3n Mar\u00edtima Puerto La Savina<\/p>\n<p>07870 Formentera<\/p><\/div><\/div><\/div><\/div><div class=\"x-row x-container max width e31-e41 mv-h mv-j mv-k mv-l mv-n mv-t\"><div class=\"x-row-inner\"><div class=\"x-col e31-e42 mv-14 mv-15\"><div class=\"x-text x-content e31-e43 mv-1p mv-1q mv-1r mv-1v mv-1w mv-1x mv-1z mv-23 mv-25\"><p>Lunes a viernes: 7:00h - 20:30h<\/p>\n<p>S\u00e1bado y domingo: 07:00h - 21:30h<\/p><\/div><\/div><div class=\"x-col e31-e44 mv-14 mv-15\"><div class=\"x-text x-content e31-e45 mv-1p mv-1q mv-1r mv-1v mv-1w mv-1x mv-1z mv-23 mv-25\"><p>Lunes a viernes: 8:00h - 20:30h<\/p>\n<p>S\u00e1bado y domingo: 08:00h - 21:30h<\/p><\/div><\/div><\/div><\/div><\/div><div class=\"x-section x-hide-sm x-hide-xs e31-e46 mv-0 mv-1 mv-3 mv-5 mv-a mv-b\"><span class=\"x-separator-top-curve-in\" style=\"top: 0px; height: 100px; color: rgb(255, 255, 255);\" aria-hidden=\"true\"><svg class=\"curve-top-in\" style=\"fill: currentColor;\" xmlns=\"http:\/\/www.w3.org\/2000\/svg\" version=\"1.1\" viewBox=\"0 0 100 50\" preserveAspectRatio=\"none\"><path d=\"M0,0v50h50C22.4,50,0,0,0,0z\"\/><path d=\"M50,50h50V0C100,0,77.6,50,50,50z\"\/><\/svg><\/span><div class=\"x-row x-container max width e31-e47 mv-h mv-i mv-j mv-n mv-u\"><div class=\"x-row-inner\"><div class=\"x-col e31-e48 mv-14 mv-15\"><span class=\"x-image e31-e49 mv-18 mv-1a\"><img decoding=\"async\" src=\"https:\/\/int.formenteralines.dev\/wp-content\/uploads\/2023\/04\/FL_Club2023.png\" width=\"230\" height=\"229\" alt=\"Image\" loading=\"lazy\"><\/span><hr  class=\"x-gap\" style=\"margin: 30px 0 0 0;\"><div class=\"x-text x-content e31-e51 mv-1p mv-1q mv-1w mv-26 mv-27 mv-28 mv-29 mv-2a\">Hazte socio de nuestro Club!<\/div><div class=\"x-text x-content e31-e52 mv-1p mv-1q mv-1r mv-1w mv-1y mv-29 mv-2a mv-2b\">Y ENT\u00c9RATE DE TODAS NUESTRAS <strong>OFERTAS<\/strong> Y <strong>PROMOS<\/strong><\/div><hr  class=\"x-gap\" style=\"margin: 50px 0 0 0;\"><a class=\"x-anchor x-anchor-button e31-e54 mv-2m mv-2n\" tabindex=\"0\" href=\"http:\/\/club.formenteralines.com\" target=\"_blank\"><div class=\"x-anchor-content\"><div class=\"x-anchor-text\"><span class=\"x-anchor-text-primary\">HAZTE SOCIO!<\/span><\/div><\/div><\/a><\/div><\/div><\/div><\/div><div class=\"x-section x-hide-lg x-hide-md x-hide-sm x-hide-xl x-hide-xs e31-e55 mv-1 mv-3 mv-5 mv-6\"><div class=\"x-bg\" aria-hidden=\"true\"><div class=\"x-bg-layer-lower-image\" style=\" background-image: url(https:\/\/int.formenteralines.dev\/wp-content\/uploads\/2022\/11\/olaverdeinversa.png); background-repeat: no-repeat; background-position: center; background-size: cover;\"><\/div><\/div><div class=\"x-row x-container max width e31-e56 mv-h mv-i mv-j mv-n mv-v\"><div class=\"x-row-inner\"><div class=\"x-col e31-e57 mv-14 mv-15\"><hr  class=\"x-gap\" style=\"margin: 250px 0 0 0;\"><\/div><\/div><\/div><\/div><div class=\"x-section x-hide-lg x-hide-md x-hide-xl e31-e59 mv-0 mv-1 mv-3 mv-5 mv-c\"><div class=\"x-bg\" aria-hidden=\"true\"><div class=\"x-bg-layer-lower-image\" style=\" background-image: url(https:\/\/int.formenteralines.dev\/wp-content\/uploads\/2022\/11\/FORMENTERA_PIC6.jpg); background-repeat: no-repeat; background-position: center; background-size: cover;\"><\/div><div class=\"x-bg-layer-upper-color\" style=\" background-color: rgba(0, 64, 255, 0.1);\"><\/div><\/div><div class=\"x-row x-container max width e31-e60 mv-h mv-i mv-j mv-n mv-w\"><div class=\"x-row-inner\"><div class=\"x-col e31-e61 mv-14 mv-15\"><div class=\"x-text x-text-headline e31-e62 mv-1d mv-1f mv-1g mv-1l mv-1m\"><div class=\"x-text-content\"><div class=\"x-text-content-text\"><h1 class=\"x-text-content-text-primary\">Cont\u00e1ctanos<\/h1><\/div><\/div><\/div><div class=\"x-text x-text-headline e31-e63 mv-1d mv-1j mv-1l mv-1n\"><div class=\"x-text-content\"><div class=\"x-text-content-text\"><h1 class=\"x-text-content-text-primary\">Y HAZ QUE TU VIAJE CUENTE M\u00c1S!<\/h1><\/div><\/div><\/div><div class=\"x-text x-text-headline x-hide-lg x-hide-md x-hide-sm x-hide-xl x-hide-xs e31-e64 mv-1d mv-1j mv-1l mv-1o\"><div class=\"x-text-content\"><div class=\"x-text-content-text\"><h1 class=\"x-text-content-text-primary\">\u00bfSabes que <strong>donamos 0,50 \u20ac<\/strong> por cada trayecto que compres para la protecci\u00f3n y recuperaci\u00f3n de la <strong>Posidonia Oce\u00e1nica<\/strong>?<\/h1><\/div><\/div><\/div><\/div><\/div><\/div><\/div><div class=\"x-section x-hide-lg x-hide-md x-hide-xl e31-e65 mv-0 mv-1 mv-5 mv-7 mv-8\"><div class=\"x-row e31-e66 mv-h mv-l mv-m mv-x mv-y\"><div class=\"x-row-inner\"><div class=\"x-col e31-e67 mv-14 mv-15\"><div class=\"x-text x-content e31-e68 mv-1p mv-1q mv-1r mv-1t mv-1u mv-1v mv-1w mv-1x mv-1y\">CONTACT CENTER<\/div><a class=\"x-div e31-e69 mv-2k mb-1em\" href=\"tel:971323107\"><div class=\"x-text x-content e31-e70 mv-1p mv-1q mv-1u mv-1v mv-1w mv-1x mv-21 mv-26 mv-2c\"><img loading=\"lazy\" decoding=\"async\" src=\"https:\/\/int.formenteralines.dev\/wp-content\/uploads\/2024\/06\/telefono-_1_.png\" alt=\"\" width=\"30\" height=\"30\" class=\"alignnone wp-image-1795\" srcset=\"https:\/\/int.formenteralines.dev\/wp-content\/uploads\/2024\/06\/telefono-_1_.png 1600w, https:\/\/int.formenteralines.dev\/wp-content\/uploads\/2024\/06\/telefono-_1_-300x300.png 300w, https:\/\/int.formenteralines.dev\/wp-content\/uploads\/2024\/06\/telefono-_1_-1024x1024.png 1024w, https:\/\/int.formenteralines.dev\/wp-content\/uploads\/2024\/06\/telefono-_1_-150x150.png 150w, https:\/\/int.formenteralines.dev\/wp-content\/uploads\/2024\/06\/telefono-_1_-768x768.png 768w, https:\/\/int.formenteralines.dev\/wp-content\/uploads\/2024\/06\/telefono-_1_-1536x1536.png 1536w, https:\/\/int.formenteralines.dev\/wp-content\/uploads\/2024\/06\/telefono-_1_-100x100.png 100w, https:\/\/int.formenteralines.dev\/wp-content\/uploads\/2024\/06\/telefono-_1_-1184x1184.png 1184w\" sizes=\"auto, (max-width: 30px) 100vw, 30px\" \/>\u00a0971 323 107<\/div><\/a><div class=\"x-text x-content e31-e71 mv-1p mv-1q mv-1r mv-1v mv-1w mv-1x mv-1z mv-21 mv-2d\"><p style=\"margin-bottom:10px;\">(Venta Billetes e informaci\u00f3n reservas)<\/p>\n<p style=\"margin-bottom:10px;\">Lunes a Domingo : 09:00 - 22:00<\/p><\/div><a class=\"x-div e31-e72 mv-2k\" href=\"mailto:callcenter@formenteralines.com\"><div class=\"x-text x-content e31-e73 mv-1p mv-1q mv-1r mv-1u mv-1v mv-1w mv-1x mv-1z mv-21\">callcenter@formenteralines.com<\/div><\/a><\/div><\/div><\/div><\/div><div class=\"x-section x-hide-lg x-hide-md x-hide-xl e31-e74 mv-0 mv-1 mv-5 mv-7 mv-8\"><div class=\"x-row e31-e75 mv-h mv-l mv-m mv-x mv-z\"><div class=\"x-row-inner\"><div class=\"x-col e31-e76 mv-14 mv-15\"><div class=\"x-text x-content e31-e77 mv-1q mv-1u mv-1v mv-1w mv-1x mv-21 mv-26 mv-2e mv-2f\"><p><span style=\"text-decoration: underline;\">Taquillas Ibiza<\/span><\/p>\n<p><\/p><\/div><div class=\"x-text x-content e31-e78 mv-1p mv-1q mv-1r mv-1v mv-1w mv-1x mv-1z mv-21 mv-2d\"><p style=\"margin-bottom:10px;\">Estaci\u00f3n Mar\u00edtima Ibiza-Formentera<\/p>\n<p style=\"margin-bottom:10px;\">Avenida Santa Eulalia del R\u00edo 100 A<\/p>\n<p style=\"margin-bottom:10px;\">Taquilla 3 y 4<\/p>\n<p style=\"margin-bottom:10px;\">07800 Ibiza<\/p><\/div><div class=\"x-text x-content e31-e79 mv-1q mv-1r mv-1v mv-1w mv-1x mv-1z mv-21 mv-2d mv-2f mv-2g\"><p style=\"margin-bottom:10px;\">Lunes a viernes: 7:00h - 20:30h<\/p>\n<p style=\"margin-bottom:10px;\">S\u00e1bado y domingo: 07:00h - 21:30h<\/p><\/div><\/div><div class=\"x-col e31-e80 mv-14 mv-17\"><div class=\"x-text x-content e31-e81 mv-1q mv-1u mv-1v mv-1w mv-1x mv-21 mv-26 mv-2e mv-2f\"><span style=\"text-decoration: underline;\">Taquillas Formentera<\/span><\/div><div class=\"x-text x-content e31-e82 mv-1p mv-1q mv-1r mv-1v mv-1w mv-1x mv-1z mv-21 mv-2d\"><p style=\"margin-bottom:10px;\">Estaci\u00f3n Mar\u00edtima Puerto La Savina<\/p>\n<p style=\"margin-bottom:10px;\">07870 Formentera<\/p><\/div><div class=\"x-text x-content e31-e83 mv-1q mv-1r mv-1v mv-1w mv-1x mv-1z mv-21 mv-2d mv-2f mv-2g\"><p style=\"margin-bottom:10px;\">Lunes a viernes: 8:00h - 20:30h<\/p>\n<p style=\"margin-bottom:10px;\">S\u00e1bado y domingo: 08:00h - 21:30h<\/p><\/div><\/div><\/div><\/div><\/div><div class=\"x-section x-hide-lg x-hide-md x-hide-xl e31-e84 mv-0 mv-1 mv-2 mv-3 mv-b mv-d\"><div class=\"x-row x-container max width e31-e85 mv-h mv-i mv-j mv-n mv-10\"><div class=\"x-row-inner\"><div class=\"x-col e31-e86 mv-14 mv-15\"><span class=\"x-image e31-e87 mv-18 mv-1b\"><img decoding=\"async\" src=\"https:\/\/int.formenteralines.dev\/wp-content\/uploads\/2023\/04\/FL_Club2023.png\" width=\"230\" height=\"229\" alt=\"Image\" loading=\"lazy\"><\/span><hr  class=\"x-gap\" style=\"margin: 30px 0 0 0;\"><div class=\"x-text x-content e31-e89 mv-1p mv-1q mv-1v mv-1w mv-26 mv-28 mv-2h mv-2i\">Hazte socio de nuestro Club!<\/div><div class=\"x-text x-content e31-e90 mv-1p mv-1q mv-1v mv-1w mv-1y mv-26 mv-29 mv-2i mv-2j\">Y ENT\u00c9RATE DE TODAS NUESTRAS <strong>OFERTAS<\/strong> Y <strong>PROMOS<\/strong><\/div><hr  class=\"x-gap\" style=\"margin: 50px 0 0 0;\"><a class=\"x-anchor x-anchor-button e31-e92 mv-2m mv-2o\" tabindex=\"0\" href=\"http:\/\/club.formenteralines.com\" target=\"_blank\"><div class=\"x-anchor-content\"><div class=\"x-anchor-text\"><span class=\"x-anchor-text-primary\">HAZTE SOCIO!<\/span><\/div><\/div><\/a><\/div><\/div><\/div><\/div><div class=\"x-section x-hide-lg x-hide-md x-hide-xl e31-e93 mv-1 mv-3 mv-5 mv-6\"><div class=\"x-bg\" aria-hidden=\"true\"><div class=\"x-bg-layer-lower-image\" style=\" background-image: url(https:\/\/int.formenteralines.dev\/wp-content\/uploads\/2022\/11\/olaverdeinversa.png); background-repeat: no-repeat; background-position: center; background-size: cover;\"><\/div><\/div><div class=\"x-row x-container max width x-hide-lg x-hide-md x-hide-sm x-hide-xl x-hide-xs e31-e94 mv-h mv-i mv-j mv-n mv-11\"><div class=\"x-row-inner\"><div class=\"x-col e31-e95 mv-14 mv-15\"><hr  class=\"x-gap\" style=\"margin: 250px 0 0 0;\"><\/div><\/div><\/div><\/div><span data-x-element-responsive-text=\"{&quot;selector&quot;:&quot;.h-responsive .x-text-content-text-primary&quot;,&quot;compression&quot;:&quot;0.75&quot;,&quot;minFontSize&quot;:&quot;24&quot;,&quot;maxFontSize&quot;:&quot;58px&quot;}\" class=\"e31-e97\"><\/span><div class=\"x-section x-hide-md x-hide-sm x-hide-xs e31-e98 mv-0 mv-1 mv-3 mv-5 mv-b mv-e mv-f\"><div class=\"x-bg\" aria-hidden=\"true\"><div class=\"x-bg-layer-lower-image\" style=\" background-image: url(https:\/\/int.formenteralines.dev\/wp-content\/uploads\/2022\/11\/FORMENTERA_PIC21.jpg); background-repeat: no-repeat; background-position: center; background-size: cover;\"><\/div><\/div><div class=\"x-row x-container max width e31-e99 mv-h mv-i mv-j mv-n mv-12\"><div class=\"x-row-inner\"><div class=\"x-col e31-e100 mv-14 mv-15\"><a class=\"x-image e31-e101 mv-18 mv-1c\" href=\"http:\/\/islovers.com\" target=\"_blank\"><img decoding=\"async\" src=\"https:\/\/int.formenteralines.dev\/wp-content\/uploads\/2022\/12\/ERES_ISLOVER_CORAZON_2023.png\" width=\"1000\" height=\"845\" alt=\"Image\" loading=\"lazy\"><\/a><\/div><\/div><\/div><\/div><div class=\"x-section x-hide-lg x-hide-xl e31-e102 mv-0 mv-1 mv-3 mv-5 mv-b mv-f mv-g\"><div class=\"x-bg\" aria-hidden=\"true\"><div class=\"x-bg-layer-lower-image\" style=\" background-image: url(https:\/\/int.formenteralines.dev\/wp-content\/uploads\/2022\/11\/FORMENTERA_PIC21.jpg); background-repeat: no-repeat; background-position: center; background-size: cover;\"><\/div><\/div><div class=\"x-row x-container max width e31-e103 mv-h mv-i mv-j mv-n mv-13\"><div class=\"x-row-inner\"><div class=\"x-col e31-e104 mv-14 mv-15\"><a class=\"x-image e31-e105 mv-18 mv-1b\" href=\"http:\/\/islovers.com\" target=\"_blank\"><img decoding=\"async\" src=\"https:\/\/int.formenteralines.dev\/wp-content\/uploads\/2022\/12\/ERES_ISLOVER_CORAZON_2023.png\" width=\"1000\" height=\"845\" alt=\"Image\" loading=\"lazy\"><\/a><\/div><\/div><\/div><\/div><\/div>\n","protected":false},"excerpt":{"rendered":"<p>Cont\u00e1ctanosY HAZ QUE TU VIAJE CUENTE M\u00c1S!\u00bfSabes que donamos 0,50 \u20ac por cada trayecto que compres para la protecci\u00f3n y recuperaci\u00f3n de la Posidonia Oce\u00e1nica?CONTACT CENTER\u00a0 \u00a0 971 323 107(Venta Billetes e informaci\u00f3n reservas) Lunes a Domingo : 09:00 &#8211; 22:00callcenter@formenteralines.comTaquillas IbizaEstaci\u00f3n Mar\u00edtima Ibiza-Formentera Avenida Santa Eulalia del R\u00edo 100 A Taquilla 3 y 4 07800 IbizaTaquillas FormenteraEstaci\u00f3n Mar\u00edtima Puerto &#8230; <a href=\"https:\/\/int.formenteralines.dev\/?page_id=31\" class=\"more-link\">Read More<\/a><\/p>\n","protected":false},"author":1,"featured_media":0,"parent":0,"menu_order":0,"comment_status":"closed","ping_status":"closed","template":"template-blank-4.php","meta":{"footnotes":""},"class_list":["post-31","page","type-page","status-publish","hentry","no-post-thumbnail"],"yoast_head":"<!-- This site is optimized with the Yoast SEO Premium plugin v23.0 (Yoast SEO v23.7) - https:\/\/yoast.com\/wordpress\/plugins\/seo\/ -->\n<title>Contactar - Formentera Lines<\/title>\n<meta name=\"robots\" content=\"noindex, follow, max-snippet:-1, max-image-preview:large, max-video-preview:-1\" \/>\n<meta property=\"og:locale\" content=\"es_ES\" \/>\n<meta property=\"og:type\" content=\"article\" \/>\n<meta property=\"og:title\" content=\"Contactar\" \/>\n<meta property=\"og:description\" content=\"Cont\u00e1ctanosY HAZ QUE TU VIAJE CUENTE M\u00c1S!\u00bfSabes que donamos 0,50 \u20ac por cada trayecto que compres para la protecci\u00f3n y recuperaci\u00f3n de la Posidonia Oce\u00e1nica?CONTACT CENTER\u00a0 \u00a0 971 323 107(Venta Billetes e informaci\u00f3n reservas) Lunes a Domingo : 09:00 - 22:00callcenter@formenteralines.comTaquillas IbizaEstaci\u00f3n Mar\u00edtima Ibiza-Formentera Avenida Santa Eulalia del R\u00edo 100 A Taquilla 3 y 4 07800 IbizaTaquillas FormenteraEstaci\u00f3n Mar\u00edtima Puerto ... Read More\" \/>\n<meta property=\"og:url\" content=\"https:\/\/int.formenteralines.dev\/?page_id=31\" \/>\n<meta property=\"og:site_name\" content=\"Formentera Lines\" \/>\n<meta property=\"article:modified_time\" content=\"2024-06-26T07:32:39+00:00\" \/>\n<meta property=\"og:image\" content=\"https:\/\/int.formenteralines.dev\/wp-content\/uploads\/2024\/06\/telefono-_1_.png\" \/>\n<meta name=\"twitter:card\" content=\"summary_large_image\" \/>\n<meta name=\"twitter:label1\" content=\"Tiempo de lectura\" \/>\n\t<meta name=\"twitter:data1\" content=\"6 minutos\" \/>\n<script type=\"application\/ld+json\" class=\"yoast-schema-graph\">{\"@context\":\"https:\/\/schema.org\",\"@graph\":[{\"@type\":\"WebPage\",\"@id\":\"https:\/\/int.formenteralines.dev\/?page_id=31\",\"url\":\"https:\/\/int.formenteralines.dev\/?page_id=31\",\"name\":\"Contactar - Formentera Lines\",\"isPartOf\":{\"@id\":\"https:\/\/int.formenteralines.dev\/#website\"},\"primaryImageOfPage\":{\"@id\":\"https:\/\/int.formenteralines.dev\/?page_id=31#primaryimage\"},\"image\":{\"@id\":\"https:\/\/int.formenteralines.dev\/?page_id=31#primaryimage\"},\"thumbnailUrl\":\"https:\/\/int.formenteralines.dev\/wp-content\/uploads\/2024\/06\/telefono-_1_.png\",\"datePublished\":\"2017-09-05T11:03:41+00:00\",\"dateModified\":\"2024-06-26T07:32:39+00:00\",\"breadcrumb\":{\"@id\":\"https:\/\/int.formenteralines.dev\/?page_id=31#breadcrumb\"},\"inLanguage\":\"es\",\"potentialAction\":[{\"@type\":\"ReadAction\",\"target\":[\"https:\/\/int.formenteralines.dev\/?page_id=31\"]}]},{\"@type\":\"ImageObject\",\"inLanguage\":\"es\",\"@id\":\"https:\/\/int.formenteralines.dev\/?page_id=31#primaryimage\",\"url\":\"https:\/\/int.formenteralines.dev\/wp-content\/uploads\/2024\/06\/telefono-_1_.png\",\"contentUrl\":\"https:\/\/int.formenteralines.dev\/wp-content\/uploads\/2024\/06\/telefono-_1_.png\",\"width\":1600,\"height\":1600},{\"@type\":\"BreadcrumbList\",\"@id\":\"https:\/\/int.formenteralines.dev\/?page_id=31#breadcrumb\",\"itemListElement\":[{\"@type\":\"ListItem\",\"position\":1,\"name\":\"Portada\",\"item\":\"https:\/\/int.formenteralines.dev\/\"},{\"@type\":\"ListItem\",\"position\":2,\"name\":\"Contactar\"}]},{\"@type\":\"WebSite\",\"@id\":\"https:\/\/int.formenteralines.dev\/#website\",\"url\":\"https:\/\/int.formenteralines.dev\/\",\"name\":\"Formentera Lines\",\"description\":\"\",\"potentialAction\":[{\"@type\":\"SearchAction\",\"target\":{\"@type\":\"EntryPoint\",\"urlTemplate\":\"https:\/\/int.formenteralines.dev\/?s={search_term_string}\"},\"query-input\":{\"@type\":\"PropertyValueSpecification\",\"valueRequired\":true,\"valueName\":\"search_term_string\"}}],\"inLanguage\":\"es\"}]}<\/script>\n<!-- \/ Yoast SEO Premium plugin. -->","yoast_head_json":{"title":"Contactar - Formentera Lines","robots":{"index":"noindex","follow":"follow","max-snippet":"max-snippet:-1","max-image-preview":"max-image-preview:large","max-video-preview":"max-video-preview:-1"},"og_locale":"es_ES","og_type":"article","og_title":"Contactar","og_description":"Cont\u00e1ctanosY HAZ QUE TU VIAJE CUENTE M\u00c1S!\u00bfSabes que donamos 0,50 \u20ac por cada trayecto que compres para la protecci\u00f3n y recuperaci\u00f3n de la Posidonia Oce\u00e1nica?CONTACT CENTER\u00a0 \u00a0 971 323 107(Venta Billetes e informaci\u00f3n reservas) Lunes a Domingo : 09:00 - 22:00callcenter@formenteralines.comTaquillas IbizaEstaci\u00f3n Mar\u00edtima Ibiza-Formentera Avenida Santa Eulalia del R\u00edo 100 A Taquilla 3 y 4 07800 IbizaTaquillas FormenteraEstaci\u00f3n Mar\u00edtima Puerto ... Read More","og_url":"https:\/\/int.formenteralines.dev\/?page_id=31","og_site_name":"Formentera Lines","article_modified_time":"2024-06-26T07:32:39+00:00","og_image":[{"url":"https:\/\/int.formenteralines.dev\/wp-content\/uploads\/2024\/06\/telefono-_1_.png"}],"twitter_card":"summary_large_image","twitter_misc":{"Tiempo de lectura":"6 minutos"},"schema":{"@context":"https:\/\/schema.org","@graph":[{"@type":"WebPage","@id":"https:\/\/int.formenteralines.dev\/?page_id=31","url":"https:\/\/int.formenteralines.dev\/?page_id=31","name":"Contactar - Formentera Lines","isPartOf":{"@id":"https:\/\/int.formenteralines.dev\/#website"},"primaryImageOfPage":{"@id":"https:\/\/int.formenteralines.dev\/?page_id=31#primaryimage"},"image":{"@id":"https:\/\/int.formenteralines.dev\/?page_id=31#primaryimage"},"thumbnailUrl":"https:\/\/int.formenteralines.dev\/wp-content\/uploads\/2024\/06\/telefono-_1_.png","datePublished":"2017-09-05T11:03:41+00:00","dateModified":"2024-06-26T07:32:39+00:00","breadcrumb":{"@id":"https:\/\/int.formenteralines.dev\/?page_id=31#breadcrumb"},"inLanguage":"es","potentialAction":[{"@type":"ReadAction","target":["https:\/\/int.formenteralines.dev\/?page_id=31"]}]},{"@type":"ImageObject","inLanguage":"es","@id":"https:\/\/int.formenteralines.dev\/?page_id=31#primaryimage","url":"https:\/\/int.formenteralines.dev\/wp-content\/uploads\/2024\/06\/telefono-_1_.png","contentUrl":"https:\/\/int.formenteralines.dev\/wp-content\/uploads\/2024\/06\/telefono-_1_.png","width":1600,"height":1600},{"@type":"BreadcrumbList","@id":"https:\/\/int.formenteralines.dev\/?page_id=31#breadcrumb","itemListElement":[{"@type":"ListItem","position":1,"name":"Portada","item":"https:\/\/int.formenteralines.dev\/"},{"@type":"ListItem","position":2,"name":"Contactar"}]},{"@type":"WebSite","@id":"https:\/\/int.formenteralines.dev\/#website","url":"https:\/\/int.formenteralines.dev\/","name":"Formentera Lines","description":"","potentialAction":[{"@type":"SearchAction","target":{"@type":"EntryPoint","urlTemplate":"https:\/\/int.formenteralines.dev\/?s={search_term_string}"},"query-input":{"@type":"PropertyValueSpecification","valueRequired":true,"valueName":"search_term_string"}}],"inLanguage":"es"}]}},"_links":{"self":[{"href":"https:\/\/int.formenteralines.dev\/index.php?rest_route=\/wp\/v2\/pages\/31","targetHints":{"allow":["GET"]}}],"collection":[{"href":"https:\/\/int.formenteralines.dev\/index.php?rest_route=\/wp\/v2\/pages"}],"about":[{"href":"https:\/\/int.formenteralines.dev\/index.php?rest_route=\/wp\/v2\/types\/page"}],"author":[{"embeddable":true,"href":"https:\/\/int.formenteralines.dev\/index.php?rest_route=\/wp\/v2\/users\/1"}],"replies":[{"embeddable":true,"href":"https:\/\/int.formenteralines.dev\/index.php?rest_route=%2Fwp%2Fv2%2Fcomments&post=31"}],"version-history":[{"count":27,"href":"https:\/\/int.formenteralines.dev\/index.php?rest_route=\/wp\/v2\/pages\/31\/revisions"}],"predecessor-version":[{"id":1914,"href":"https:\/\/int.formenteralines.dev\/index.php?rest_route=\/wp\/v2\/pages\/31\/revisions\/1914"}],"wp:attachment":[{"href":"https:\/\/int.formenteralines.dev\/index.php?rest_route=%2Fwp%2Fv2%2Fmedia&parent=31"}],"curies":[{"name":"wp","href":"https:\/\/api.w.org\/{rel}","templated":true}]}}