{"id":398,"date":"2022-12-25T13:11:03","date_gmt":"2022-12-25T13:11:03","guid":{"rendered":"http:\/\/flines.theshippingbusiness.com\/?page_id=398"},"modified":"2023-11-13T12:23:27","modified_gmt":"2023-11-13T12:23:27","slug":"viaja-solo-con-tu-dni","status":"publish","type":"page","link":"https:\/\/int.formenteralines.dev\/?page_id=398","title":{"rendered":"Viaja Solo Con Tu DNI"},"content":{"rendered":"<div id=\"cs-content\" class=\"cs-content\"><\/div>\n","protected":false},"excerpt":{"rendered":"<p>Viaja solo con tu DNI!Solo con Formentera Lines, la naviera de Formentera!DATE DE ALTA EN NUESTRO CLUB Y DISFRUTA DEL PARA\u00cdSO EN LIBERTADDATE DE ALTA EN CLUB FORMENTERA LINESVIAJA SOLO CON TU DNI CON FORMENTERA LINES YDisfrutael Para\u00edso!SOLO CON TU DNIF\u00c1CIL!Date de alta en nuestro Club Formentera Lines pinchando m\u00e1s abajo, o dir\u00edgete a nuestras taquillas con tu DNI y &#8230; <a href=\"https:\/\/int.formenteralines.dev\/?page_id=398\" class=\"more-link\">Read More<\/a><\/p>\n","protected":false},"author":1,"featured_media":0,"parent":0,"menu_order":0,"comment_status":"closed","ping_status":"closed","template":"template-blank-4.php","meta":{"footnotes":""},"class_list":["post-398","page","type-page","status-publish","hentry","no-post-thumbnail"],"yoast_head":"<!-- This site is optimized with the Yoast SEO Premium plugin v23.0 (Yoast SEO v23.7) - https:\/\/yoast.com\/wordpress\/plugins\/seo\/ -->\n<title>Viaja Solo Con Tu DNI - Formentera Lines<\/title>\n<meta name=\"robots\" content=\"noindex, follow, max-snippet:-1, max-image-preview:large, max-video-preview:-1\" \/>\n<meta property=\"og:locale\" content=\"es_ES\" \/>\n<meta property=\"og:type\" content=\"article\" \/>\n<meta property=\"og:title\" content=\"Viaja Solo Con Tu DNI\" \/>\n<meta property=\"og:description\" content=\"Viaja solo con tu DNI!Solo con Formentera Lines, la naviera de Formentera!DATE DE ALTA EN NUESTRO CLUB Y DISFRUTA DEL PARA\u00cdSO EN LIBERTADDATE DE ALTA EN CLUB FORMENTERA LINESVIAJA SOLO CON TU DNI CON FORMENTERA LINES YDisfrutael Para\u00edso!SOLO CON TU DNIF\u00c1CIL!Date de alta en nuestro Club Formentera Lines pinchando m\u00e1s abajo, o dir\u00edgete a nuestras taquillas con tu DNI y ... Read More\" \/>\n<meta property=\"og:url\" content=\"https:\/\/int.formenteralines.dev\/?page_id=398\" \/>\n<meta property=\"og:site_name\" content=\"Formentera Lines\" \/>\n<meta property=\"article:modified_time\" content=\"2023-11-13T12:23:27+00:00\" \/>\n<meta name=\"twitter:card\" content=\"summary_large_image\" \/>\n<meta name=\"twitter:label1\" content=\"Tiempo de lectura\" \/>\n\t<meta name=\"twitter:data1\" content=\"7 minutos\" \/>\n<script type=\"application\/ld+json\" class=\"yoast-schema-graph\">{\"@context\":\"https:\/\/schema.org\",\"@graph\":[{\"@type\":\"WebPage\",\"@id\":\"https:\/\/int.formenteralines.dev\/?page_id=398\",\"url\":\"https:\/\/int.formenteralines.dev\/?page_id=398\",\"name\":\"Viaja Solo Con Tu DNI - Formentera Lines\",\"isPartOf\":{\"@id\":\"https:\/\/int.formenteralines.dev\/#website\"},\"datePublished\":\"2022-12-25T13:11:03+00:00\",\"dateModified\":\"2023-11-13T12:23:27+00:00\",\"breadcrumb\":{\"@id\":\"https:\/\/int.formenteralines.dev\/?page_id=398#breadcrumb\"},\"inLanguage\":\"es\",\"potentialAction\":[{\"@type\":\"ReadAction\",\"target\":[\"https:\/\/int.formenteralines.dev\/?page_id=398\"]}]},{\"@type\":\"BreadcrumbList\",\"@id\":\"https:\/\/int.formenteralines.dev\/?page_id=398#breadcrumb\",\"itemListElement\":[{\"@type\":\"ListItem\",\"position\":1,\"name\":\"Portada\",\"item\":\"https:\/\/int.formenteralines.dev\/\"},{\"@type\":\"ListItem\",\"position\":2,\"name\":\"Viaja Solo Con Tu DNI\"}]},{\"@type\":\"WebSite\",\"@id\":\"https:\/\/int.formenteralines.dev\/#website\",\"url\":\"https:\/\/int.formenteralines.dev\/\",\"name\":\"Formentera Lines\",\"description\":\"\",\"potentialAction\":[{\"@type\":\"SearchAction\",\"target\":{\"@type\":\"EntryPoint\",\"urlTemplate\":\"https:\/\/int.formenteralines.dev\/?s={search_term_string}\"},\"query-input\":{\"@type\":\"PropertyValueSpecification\",\"valueRequired\":true,\"valueName\":\"search_term_string\"}}],\"inLanguage\":\"es\"}]}<\/script>\n<!-- \/ Yoast SEO Premium plugin. -->","yoast_head_json":{"title":"Viaja Solo Con Tu DNI - Formentera Lines","robots":{"index":"noindex","follow":"follow","max-snippet":"max-snippet:-1","max-image-preview":"max-image-preview:large","max-video-preview":"max-video-preview:-1"},"og_locale":"es_ES","og_type":"article","og_title":"Viaja Solo Con Tu DNI","og_description":"Viaja solo con tu DNI!Solo con Formentera Lines, la naviera de Formentera!DATE DE ALTA EN NUESTRO CLUB Y DISFRUTA DEL PARA\u00cdSO EN LIBERTADDATE DE ALTA EN CLUB FORMENTERA LINESVIAJA SOLO CON TU DNI CON FORMENTERA LINES YDisfrutael Para\u00edso!SOLO CON TU DNIF\u00c1CIL!Date de alta en nuestro Club Formentera Lines pinchando m\u00e1s abajo, o dir\u00edgete a nuestras taquillas con tu DNI y ... Read More","og_url":"https:\/\/int.formenteralines.dev\/?page_id=398","og_site_name":"Formentera Lines","article_modified_time":"2023-11-13T12:23:27+00:00","twitter_card":"summary_large_image","twitter_misc":{"Tiempo de lectura":"7 minutos"},"schema":{"@context":"https:\/\/schema.org","@graph":[{"@type":"WebPage","@id":"https:\/\/int.formenteralines.dev\/?page_id=398","url":"https:\/\/int.formenteralines.dev\/?page_id=398","name":"Viaja Solo Con Tu DNI - Formentera Lines","isPartOf":{"@id":"https:\/\/int.formenteralines.dev\/#website"},"datePublished":"2022-12-25T13:11:03+00:00","dateModified":"2023-11-13T12:23:27+00:00","breadcrumb":{"@id":"https:\/\/int.formenteralines.dev\/?page_id=398#breadcrumb"},"inLanguage":"es","potentialAction":[{"@type":"ReadAction","target":["https:\/\/int.formenteralines.dev\/?page_id=398"]}]},{"@type":"BreadcrumbList","@id":"https:\/\/int.formenteralines.dev\/?page_id=398#breadcrumb","itemListElement":[{"@type":"ListItem","position":1,"name":"Portada","item":"https:\/\/int.formenteralines.dev\/"},{"@type":"ListItem","position":2,"name":"Viaja Solo Con Tu DNI"}]},{"@type":"WebSite","@id":"https:\/\/int.formenteralines.dev\/#website","url":"https:\/\/int.formenteralines.dev\/","name":"Formentera Lines","description":"","potentialAction":[{"@type":"SearchAction","target":{"@type":"EntryPoint","urlTemplate":"https:\/\/int.formenteralines.dev\/?s={search_term_string}"},"query-input":{"@type":"PropertyValueSpecification","valueRequired":true,"valueName":"search_term_string"}}],"inLanguage":"es"}]}},"_links":{"self":[{"href":"https:\/\/int.formenteralines.dev\/index.php?rest_route=\/wp\/v2\/pages\/398","targetHints":{"allow":["GET"]}}],"collection":[{"href":"https:\/\/int.formenteralines.dev\/index.php?rest_route=\/wp\/v2\/pages"}],"about":[{"href":"https:\/\/int.formenteralines.dev\/index.php?rest_route=\/wp\/v2\/types\/page"}],"author":[{"embeddable":true,"href":"https:\/\/int.formenteralines.dev\/index.php?rest_route=\/wp\/v2\/users\/1"}],"replies":[{"embeddable":true,"href":"https:\/\/int.formenteralines.dev\/index.php?rest_route=%2Fwp%2Fv2%2Fcomments&post=398"}],"version-history":[{"count":44,"href":"https:\/\/int.formenteralines.dev\/index.php?rest_route=\/wp\/v2\/pages\/398\/revisions"}],"predecessor-version":[{"id":1694,"href":"https:\/\/int.formenteralines.dev\/index.php?rest_route=\/wp\/v2\/pages\/398\/revisions\/1694"}],"wp:attachment":[{"href":"https:\/\/int.formenteralines.dev\/index.php?rest_route=%2Fwp%2Fv2%2Fmedia&parent=398"}],"curies":[{"name":"wp","href":"https:\/\/api.w.org\/{rel}","templated":true}]}}