{"id":462,"date":"2022-12-25T14:44:50","date_gmt":"2022-12-25T14:44:50","guid":{"rendered":"http:\/\/flines.theshippingbusiness.com\/?page_id=462"},"modified":"2023-04-30T15:02:59","modified_gmt":"2023-04-30T15:02:59","slug":"condiciones-de-transporte","status":"publish","type":"page","link":"https:\/\/int.formenteralines.dev\/?page_id=462","title":{"rendered":"Condiciones de Transporte"},"content":{"rendered":"<div id=\"cs-content\" class=\"cs-content\"><\/div>\n","protected":false},"excerpt":{"rendered":"<p>CONDICIONES DE TRANSPORTEPRIMERA: La utilizaci\u00f3n del t\u00edtulo de transporte supone la aceptaci\u00f3n de las presentes condiciones generales. Se entiende por t\u00edtulo de transporte: Billete: se refiere al documento impreso y\/o electr\u00f3nico v\u00e1lido que da derecho a viajar en el barco, emitido por la Compa\u00f1\u00eda o por un agente autorizado. Tarjeta de embarque: se entiende el documento en l\u00ednea expedido o &#8230; <a href=\"https:\/\/int.formenteralines.dev\/?page_id=462\" class=\"more-link\">Read More<\/a><\/p>\n","protected":false},"author":1,"featured_media":0,"parent":0,"menu_order":0,"comment_status":"closed","ping_status":"closed","template":"template-blank-4.php","meta":{"footnotes":""},"class_list":["post-462","page","type-page","status-publish","hentry","no-post-thumbnail"],"yoast_head":"<!-- This site is optimized with the Yoast SEO Premium plugin v23.0 (Yoast SEO v23.7) - https:\/\/yoast.com\/wordpress\/plugins\/seo\/ -->\n<title>Condiciones de Transporte - Formentera Lines<\/title>\n<meta name=\"robots\" content=\"noindex, follow, max-snippet:-1, max-image-preview:large, max-video-preview:-1\" \/>\n<meta property=\"og:locale\" content=\"es_ES\" \/>\n<meta property=\"og:type\" content=\"article\" \/>\n<meta property=\"og:title\" content=\"Condiciones de Transporte\" \/>\n<meta property=\"og:description\" content=\"CONDICIONES DE TRANSPORTEPRIMERA: La utilizaci\u00f3n del t\u00edtulo de transporte supone la aceptaci\u00f3n de las presentes condiciones generales. Se entiende por t\u00edtulo de transporte: Billete: se refiere al documento impreso y\/o electr\u00f3nico v\u00e1lido que da derecho a viajar en el barco, emitido por la Compa\u00f1\u00eda o por un agente autorizado. Tarjeta de embarque: se entiende el documento en l\u00ednea expedido o ... Read More\" \/>\n<meta property=\"og:url\" content=\"https:\/\/int.formenteralines.dev\/?page_id=462\" \/>\n<meta property=\"og:site_name\" content=\"Formentera Lines\" \/>\n<meta property=\"article:modified_time\" content=\"2023-04-30T15:02:59+00:00\" \/>\n<meta name=\"twitter:card\" content=\"summary_large_image\" \/>\n<meta name=\"twitter:label1\" content=\"Tiempo de lectura\" \/>\n\t<meta name=\"twitter:data1\" content=\"9 minutos\" \/>\n<script type=\"application\/ld+json\" class=\"yoast-schema-graph\">{\"@context\":\"https:\/\/schema.org\",\"@graph\":[{\"@type\":\"WebPage\",\"@id\":\"https:\/\/int.formenteralines.dev\/?page_id=462\",\"url\":\"https:\/\/int.formenteralines.dev\/?page_id=462\",\"name\":\"Condiciones de Transporte - Formentera Lines\",\"isPartOf\":{\"@id\":\"https:\/\/int.formenteralines.dev\/#website\"},\"datePublished\":\"2022-12-25T14:44:50+00:00\",\"dateModified\":\"2023-04-30T15:02:59+00:00\",\"breadcrumb\":{\"@id\":\"https:\/\/int.formenteralines.dev\/?page_id=462#breadcrumb\"},\"inLanguage\":\"es\",\"potentialAction\":[{\"@type\":\"ReadAction\",\"target\":[\"https:\/\/int.formenteralines.dev\/?page_id=462\"]}]},{\"@type\":\"BreadcrumbList\",\"@id\":\"https:\/\/int.formenteralines.dev\/?page_id=462#breadcrumb\",\"itemListElement\":[{\"@type\":\"ListItem\",\"position\":1,\"name\":\"Portada\",\"item\":\"https:\/\/int.formenteralines.dev\/\"},{\"@type\":\"ListItem\",\"position\":2,\"name\":\"Condiciones de Transporte\"}]},{\"@type\":\"WebSite\",\"@id\":\"https:\/\/int.formenteralines.dev\/#website\",\"url\":\"https:\/\/int.formenteralines.dev\/\",\"name\":\"Formentera Lines\",\"description\":\"\",\"potentialAction\":[{\"@type\":\"SearchAction\",\"target\":{\"@type\":\"EntryPoint\",\"urlTemplate\":\"https:\/\/int.formenteralines.dev\/?s={search_term_string}\"},\"query-input\":{\"@type\":\"PropertyValueSpecification\",\"valueRequired\":true,\"valueName\":\"search_term_string\"}}],\"inLanguage\":\"es\"}]}<\/script>\n<!-- \/ Yoast SEO Premium plugin. -->","yoast_head_json":{"title":"Condiciones de Transporte - Formentera Lines","robots":{"index":"noindex","follow":"follow","max-snippet":"max-snippet:-1","max-image-preview":"max-image-preview:large","max-video-preview":"max-video-preview:-1"},"og_locale":"es_ES","og_type":"article","og_title":"Condiciones de Transporte","og_description":"CONDICIONES DE TRANSPORTEPRIMERA: La utilizaci\u00f3n del t\u00edtulo de transporte supone la aceptaci\u00f3n de las presentes condiciones generales. Se entiende por t\u00edtulo de transporte: Billete: se refiere al documento impreso y\/o electr\u00f3nico v\u00e1lido que da derecho a viajar en el barco, emitido por la Compa\u00f1\u00eda o por un agente autorizado. Tarjeta de embarque: se entiende el documento en l\u00ednea expedido o ... Read More","og_url":"https:\/\/int.formenteralines.dev\/?page_id=462","og_site_name":"Formentera Lines","article_modified_time":"2023-04-30T15:02:59+00:00","twitter_card":"summary_large_image","twitter_misc":{"Tiempo de lectura":"9 minutos"},"schema":{"@context":"https:\/\/schema.org","@graph":[{"@type":"WebPage","@id":"https:\/\/int.formenteralines.dev\/?page_id=462","url":"https:\/\/int.formenteralines.dev\/?page_id=462","name":"Condiciones de Transporte - Formentera Lines","isPartOf":{"@id":"https:\/\/int.formenteralines.dev\/#website"},"datePublished":"2022-12-25T14:44:50+00:00","dateModified":"2023-04-30T15:02:59+00:00","breadcrumb":{"@id":"https:\/\/int.formenteralines.dev\/?page_id=462#breadcrumb"},"inLanguage":"es","potentialAction":[{"@type":"ReadAction","target":["https:\/\/int.formenteralines.dev\/?page_id=462"]}]},{"@type":"BreadcrumbList","@id":"https:\/\/int.formenteralines.dev\/?page_id=462#breadcrumb","itemListElement":[{"@type":"ListItem","position":1,"name":"Portada","item":"https:\/\/int.formenteralines.dev\/"},{"@type":"ListItem","position":2,"name":"Condiciones de Transporte"}]},{"@type":"WebSite","@id":"https:\/\/int.formenteralines.dev\/#website","url":"https:\/\/int.formenteralines.dev\/","name":"Formentera Lines","description":"","potentialAction":[{"@type":"SearchAction","target":{"@type":"EntryPoint","urlTemplate":"https:\/\/int.formenteralines.dev\/?s={search_term_string}"},"query-input":{"@type":"PropertyValueSpecification","valueRequired":true,"valueName":"search_term_string"}}],"inLanguage":"es"}]}},"_links":{"self":[{"href":"https:\/\/int.formenteralines.dev\/index.php?rest_route=\/wp\/v2\/pages\/462","targetHints":{"allow":["GET"]}}],"collection":[{"href":"https:\/\/int.formenteralines.dev\/index.php?rest_route=\/wp\/v2\/pages"}],"about":[{"href":"https:\/\/int.formenteralines.dev\/index.php?rest_route=\/wp\/v2\/types\/page"}],"author":[{"embeddable":true,"href":"https:\/\/int.formenteralines.dev\/index.php?rest_route=\/wp\/v2\/users\/1"}],"replies":[{"embeddable":true,"href":"https:\/\/int.formenteralines.dev\/index.php?rest_route=%2Fwp%2Fv2%2Fcomments&post=462"}],"version-history":[{"count":4,"href":"https:\/\/int.formenteralines.dev\/index.php?rest_route=\/wp\/v2\/pages\/462\/revisions"}],"predecessor-version":[{"id":1285,"href":"https:\/\/int.formenteralines.dev\/index.php?rest_route=\/wp\/v2\/pages\/462\/revisions\/1285"}],"wp:attachment":[{"href":"https:\/\/int.formenteralines.dev\/index.php?rest_route=%2Fwp%2Fv2%2Fmedia&parent=462"}],"curies":[{"name":"wp","href":"https:\/\/api.w.org\/{rel}","templated":true}]}}