{"id":558,"date":"2022-12-25T18:27:18","date_gmt":"2022-12-25T18:27:18","guid":{"rendered":"http:\/\/flines.theshippingbusiness.com\/?page_id=558"},"modified":"2023-04-30T15:00:20","modified_gmt":"2023-04-30T15:00:20","slug":"politica-sulla-privacy","status":"publish","type":"page","link":"https:\/\/int.formenteralines.dev\/?page_id=558&lang=it","title":{"rendered":"Politica sulla privacy"},"content":{"rendered":"<div id=\"cs-content\" class=\"cs-content\"><\/div>\n","protected":false},"excerpt":{"rendered":"<p>POL\u00cdTICA DE PRIVACIDADDe acuerdo con el art\u00edculo 13 del Reglamento (UE) 2016\/679, de 27 de abril de 2016, relativo a la protecci\u00f3n de las personas f\u00edsicas en lo que respecta al tratamiento de datos personales y a la libre circulaci\u00f3n de estos datos, se le informa que sus datos ser\u00e1n tratados por MEDITERR\u00c1NEA LA NAVIERA DE FORMENTERA, S.L. (en adelante &#8230; <a href=\"https:\/\/int.formenteralines.dev\/?page_id=558&#038;lang=it\" class=\"more-link\">Read More<\/a><\/p>\n","protected":false},"author":1,"featured_media":0,"parent":0,"menu_order":0,"comment_status":"closed","ping_status":"closed","template":"template-blank-4.php","meta":{"footnotes":""},"class_list":["post-558","page","type-page","status-publish","hentry","no-post-thumbnail"],"yoast_head":"<!-- This site is optimized with the Yoast SEO Premium plugin v23.0 (Yoast SEO v23.7) - https:\/\/yoast.com\/wordpress\/plugins\/seo\/ -->\n<title>Politica sulla privacy - Formentera Lines<\/title>\n<meta name=\"robots\" content=\"noindex, follow, max-snippet:-1, max-image-preview:large, max-video-preview:-1\" \/>\n<meta property=\"og:locale\" content=\"es_ES\" \/>\n<meta property=\"og:type\" content=\"article\" \/>\n<meta property=\"og:title\" content=\"Politica sulla privacy\" \/>\n<meta property=\"og:description\" content=\"POL\u00cdTICA DE PRIVACIDADDe acuerdo con el art\u00edculo 13 del Reglamento (UE) 2016\/679, de 27 de abril de 2016, relativo a la protecci\u00f3n de las personas f\u00edsicas en lo que respecta al tratamiento de datos personales y a la libre circulaci\u00f3n de estos datos, se le informa que sus datos ser\u00e1n tratados por MEDITERR\u00c1NEA LA NAVIERA DE FORMENTERA, S.L. (en adelante ... Read More\" \/>\n<meta property=\"og:url\" content=\"https:\/\/int.formenteralines.dev\/?page_id=558&amp;lang=it\" \/>\n<meta property=\"og:site_name\" content=\"Formentera Lines\" \/>\n<meta property=\"article:modified_time\" content=\"2023-04-30T15:00:20+00:00\" \/>\n<meta name=\"twitter:card\" content=\"summary_large_image\" \/>\n<meta name=\"twitter:label1\" content=\"Tiempo de lectura\" \/>\n\t<meta name=\"twitter:data1\" content=\"6 minutos\" \/>\n<script type=\"application\/ld+json\" class=\"yoast-schema-graph\">{\"@context\":\"https:\/\/schema.org\",\"@graph\":[{\"@type\":\"WebPage\",\"@id\":\"https:\/\/int.formenteralines.dev\/?page_id=558&lang=it\",\"url\":\"https:\/\/int.formenteralines.dev\/?page_id=558&lang=it\",\"name\":\"Politica sulla privacy - Formentera Lines\",\"isPartOf\":{\"@id\":\"https:\/\/int.formenteralines.dev\/#website\"},\"datePublished\":\"2022-12-25T18:27:18+00:00\",\"dateModified\":\"2023-04-30T15:00:20+00:00\",\"breadcrumb\":{\"@id\":\"https:\/\/int.formenteralines.dev\/?page_id=558&lang=it#breadcrumb\"},\"inLanguage\":\"es\",\"potentialAction\":[{\"@type\":\"ReadAction\",\"target\":[\"https:\/\/int.formenteralines.dev\/?page_id=558&lang=it\"]}]},{\"@type\":\"BreadcrumbList\",\"@id\":\"https:\/\/int.formenteralines.dev\/?page_id=558&lang=it#breadcrumb\",\"itemListElement\":[{\"@type\":\"ListItem\",\"position\":1,\"name\":\"Portada\",\"item\":\"https:\/\/int.formenteralines.dev\/\"},{\"@type\":\"ListItem\",\"position\":2,\"name\":\"Politica sulla privacy\"}]},{\"@type\":\"WebSite\",\"@id\":\"https:\/\/int.formenteralines.dev\/#website\",\"url\":\"https:\/\/int.formenteralines.dev\/\",\"name\":\"Formentera Lines\",\"description\":\"\",\"potentialAction\":[{\"@type\":\"SearchAction\",\"target\":{\"@type\":\"EntryPoint\",\"urlTemplate\":\"https:\/\/int.formenteralines.dev\/?s={search_term_string}\"},\"query-input\":{\"@type\":\"PropertyValueSpecification\",\"valueRequired\":true,\"valueName\":\"search_term_string\"}}],\"inLanguage\":\"es\"}]}<\/script>\n<!-- \/ Yoast SEO Premium plugin. -->","yoast_head_json":{"title":"Politica sulla privacy - Formentera Lines","robots":{"index":"noindex","follow":"follow","max-snippet":"max-snippet:-1","max-image-preview":"max-image-preview:large","max-video-preview":"max-video-preview:-1"},"og_locale":"es_ES","og_type":"article","og_title":"Politica sulla privacy","og_description":"POL\u00cdTICA DE PRIVACIDADDe acuerdo con el art\u00edculo 13 del Reglamento (UE) 2016\/679, de 27 de abril de 2016, relativo a la protecci\u00f3n de las personas f\u00edsicas en lo que respecta al tratamiento de datos personales y a la libre circulaci\u00f3n de estos datos, se le informa que sus datos ser\u00e1n tratados por MEDITERR\u00c1NEA LA NAVIERA DE FORMENTERA, S.L. (en adelante ... Read More","og_url":"https:\/\/int.formenteralines.dev\/?page_id=558&lang=it","og_site_name":"Formentera Lines","article_modified_time":"2023-04-30T15:00:20+00:00","twitter_card":"summary_large_image","twitter_misc":{"Tiempo de lectura":"6 minutos"},"schema":{"@context":"https:\/\/schema.org","@graph":[{"@type":"WebPage","@id":"https:\/\/int.formenteralines.dev\/?page_id=558&lang=it","url":"https:\/\/int.formenteralines.dev\/?page_id=558&lang=it","name":"Politica sulla privacy - Formentera Lines","isPartOf":{"@id":"https:\/\/int.formenteralines.dev\/#website"},"datePublished":"2022-12-25T18:27:18+00:00","dateModified":"2023-04-30T15:00:20+00:00","breadcrumb":{"@id":"https:\/\/int.formenteralines.dev\/?page_id=558&lang=it#breadcrumb"},"inLanguage":"es","potentialAction":[{"@type":"ReadAction","target":["https:\/\/int.formenteralines.dev\/?page_id=558&lang=it"]}]},{"@type":"BreadcrumbList","@id":"https:\/\/int.formenteralines.dev\/?page_id=558&lang=it#breadcrumb","itemListElement":[{"@type":"ListItem","position":1,"name":"Portada","item":"https:\/\/int.formenteralines.dev\/"},{"@type":"ListItem","position":2,"name":"Politica sulla privacy"}]},{"@type":"WebSite","@id":"https:\/\/int.formenteralines.dev\/#website","url":"https:\/\/int.formenteralines.dev\/","name":"Formentera Lines","description":"","potentialAction":[{"@type":"SearchAction","target":{"@type":"EntryPoint","urlTemplate":"https:\/\/int.formenteralines.dev\/?s={search_term_string}"},"query-input":{"@type":"PropertyValueSpecification","valueRequired":true,"valueName":"search_term_string"}}],"inLanguage":"es"}]}},"_links":{"self":[{"href":"https:\/\/int.formenteralines.dev\/index.php?rest_route=\/wp\/v2\/pages\/558","targetHints":{"allow":["GET"]}}],"collection":[{"href":"https:\/\/int.formenteralines.dev\/index.php?rest_route=\/wp\/v2\/pages"}],"about":[{"href":"https:\/\/int.formenteralines.dev\/index.php?rest_route=\/wp\/v2\/types\/page"}],"author":[{"embeddable":true,"href":"https:\/\/int.formenteralines.dev\/index.php?rest_route=\/wp\/v2\/users\/1"}],"replies":[{"embeddable":true,"href":"https:\/\/int.formenteralines.dev\/index.php?rest_route=%2Fwp%2Fv2%2Fcomments&post=558"}],"version-history":[{"count":3,"href":"https:\/\/int.formenteralines.dev\/index.php?rest_route=\/wp\/v2\/pages\/558\/revisions"}],"predecessor-version":[{"id":1281,"href":"https:\/\/int.formenteralines.dev\/index.php?rest_route=\/wp\/v2\/pages\/558\/revisions\/1281"}],"wp:attachment":[{"href":"https:\/\/int.formenteralines.dev\/index.php?rest_route=%2Fwp%2Fv2%2Fmedia&parent=558"}],"curies":[{"name":"wp","href":"https:\/\/api.w.org\/{rel}","templated":true}]}}