{"id":940,"date":"2022-12-28T18:39:55","date_gmt":"2022-12-28T18:39:55","guid":{"rendered":"http:\/\/flines.theshippingbusiness.com\/?page_id=940"},"modified":"2023-08-31T14:53:16","modified_gmt":"2023-08-31T14:53:16","slug":"club-esp","status":"publish","type":"page","link":"https:\/\/int.formenteralines.dev\/?page_id=940","title":{"rendered":"Club ESP"},"content":{"rendered":"<div id=\"cs-content\" class=\"cs-content\"><\/div>\n","protected":false},"excerpt":{"rendered":"<p>Formentera Lines ClubFormentera Lines Club es el programa de fidelizaci\u00f3n y nuestra especial forma de agradecer tu confianza y recompensarte por elegirnos para tus viajes entre islas. Hemos preparado, con mucho cari\u00f1o, bonos de descuento, promociones exclusivas, premios, regalos y alguna sorpresa m\u00e1s, solo para ti. Tambi\u00e9n participar\u00e1s en el exclusivo programa &#8216;Compra a Casa&#8217;, que te ofrece porcentajes de &#8230; <a href=\"https:\/\/int.formenteralines.dev\/?page_id=940\" class=\"more-link\">Read More<\/a><\/p>\n","protected":false},"author":1,"featured_media":0,"parent":0,"menu_order":0,"comment_status":"closed","ping_status":"closed","template":"template-blank-4.php","meta":{"footnotes":""},"class_list":["post-940","page","type-page","status-publish","hentry","no-post-thumbnail"],"yoast_head":"<!-- This site is optimized with the Yoast SEO Premium plugin v23.0 (Yoast SEO v23.7) - https:\/\/yoast.com\/wordpress\/plugins\/seo\/ -->\n<title>Club ESP - Formentera Lines<\/title>\n<meta name=\"robots\" content=\"noindex, follow, max-snippet:-1, max-image-preview:large, max-video-preview:-1\" \/>\n<meta property=\"og:locale\" content=\"es_ES\" \/>\n<meta property=\"og:type\" content=\"article\" \/>\n<meta property=\"og:title\" content=\"Club ESP\" \/>\n<meta property=\"og:description\" content=\"Formentera Lines ClubFormentera Lines Club es el programa de fidelizaci\u00f3n y nuestra especial forma de agradecer tu confianza y recompensarte por elegirnos para tus viajes entre islas. Hemos preparado, con mucho cari\u00f1o, bonos de descuento, promociones exclusivas, premios, regalos y alguna sorpresa m\u00e1s, solo para ti. Tambi\u00e9n participar\u00e1s en el exclusivo programa &#039;Compra a Casa&#039;, que te ofrece porcentajes de ... Read More\" \/>\n<meta property=\"og:url\" content=\"https:\/\/int.formenteralines.dev\/?page_id=940\" \/>\n<meta property=\"og:site_name\" content=\"Formentera Lines\" \/>\n<meta property=\"article:modified_time\" content=\"2023-08-31T14:53:16+00:00\" \/>\n<meta name=\"twitter:card\" content=\"summary_large_image\" \/>\n<meta name=\"twitter:label1\" content=\"Tiempo de lectura\" \/>\n\t<meta name=\"twitter:data1\" content=\"13 minutos\" \/>\n<script type=\"application\/ld+json\" class=\"yoast-schema-graph\">{\"@context\":\"https:\/\/schema.org\",\"@graph\":[{\"@type\":\"WebPage\",\"@id\":\"https:\/\/int.formenteralines.dev\/?page_id=940\",\"url\":\"https:\/\/int.formenteralines.dev\/?page_id=940\",\"name\":\"Club ESP - Formentera Lines\",\"isPartOf\":{\"@id\":\"https:\/\/int.formenteralines.dev\/#website\"},\"datePublished\":\"2022-12-28T18:39:55+00:00\",\"dateModified\":\"2023-08-31T14:53:16+00:00\",\"breadcrumb\":{\"@id\":\"https:\/\/int.formenteralines.dev\/?page_id=940#breadcrumb\"},\"inLanguage\":\"es\",\"potentialAction\":[{\"@type\":\"ReadAction\",\"target\":[\"https:\/\/int.formenteralines.dev\/?page_id=940\"]}]},{\"@type\":\"BreadcrumbList\",\"@id\":\"https:\/\/int.formenteralines.dev\/?page_id=940#breadcrumb\",\"itemListElement\":[{\"@type\":\"ListItem\",\"position\":1,\"name\":\"Portada\",\"item\":\"https:\/\/int.formenteralines.dev\/\"},{\"@type\":\"ListItem\",\"position\":2,\"name\":\"Club ESP\"}]},{\"@type\":\"WebSite\",\"@id\":\"https:\/\/int.formenteralines.dev\/#website\",\"url\":\"https:\/\/int.formenteralines.dev\/\",\"name\":\"Formentera Lines\",\"description\":\"\",\"potentialAction\":[{\"@type\":\"SearchAction\",\"target\":{\"@type\":\"EntryPoint\",\"urlTemplate\":\"https:\/\/int.formenteralines.dev\/?s={search_term_string}\"},\"query-input\":{\"@type\":\"PropertyValueSpecification\",\"valueRequired\":true,\"valueName\":\"search_term_string\"}}],\"inLanguage\":\"es\"}]}<\/script>\n<!-- \/ Yoast SEO Premium plugin. -->","yoast_head_json":{"title":"Club ESP - Formentera Lines","robots":{"index":"noindex","follow":"follow","max-snippet":"max-snippet:-1","max-image-preview":"max-image-preview:large","max-video-preview":"max-video-preview:-1"},"og_locale":"es_ES","og_type":"article","og_title":"Club ESP","og_description":"Formentera Lines ClubFormentera Lines Club es el programa de fidelizaci\u00f3n y nuestra especial forma de agradecer tu confianza y recompensarte por elegirnos para tus viajes entre islas. Hemos preparado, con mucho cari\u00f1o, bonos de descuento, promociones exclusivas, premios, regalos y alguna sorpresa m\u00e1s, solo para ti. Tambi\u00e9n participar\u00e1s en el exclusivo programa 'Compra a Casa', que te ofrece porcentajes de ... Read More","og_url":"https:\/\/int.formenteralines.dev\/?page_id=940","og_site_name":"Formentera Lines","article_modified_time":"2023-08-31T14:53:16+00:00","twitter_card":"summary_large_image","twitter_misc":{"Tiempo de lectura":"13 minutos"},"schema":{"@context":"https:\/\/schema.org","@graph":[{"@type":"WebPage","@id":"https:\/\/int.formenteralines.dev\/?page_id=940","url":"https:\/\/int.formenteralines.dev\/?page_id=940","name":"Club ESP - Formentera Lines","isPartOf":{"@id":"https:\/\/int.formenteralines.dev\/#website"},"datePublished":"2022-12-28T18:39:55+00:00","dateModified":"2023-08-31T14:53:16+00:00","breadcrumb":{"@id":"https:\/\/int.formenteralines.dev\/?page_id=940#breadcrumb"},"inLanguage":"es","potentialAction":[{"@type":"ReadAction","target":["https:\/\/int.formenteralines.dev\/?page_id=940"]}]},{"@type":"BreadcrumbList","@id":"https:\/\/int.formenteralines.dev\/?page_id=940#breadcrumb","itemListElement":[{"@type":"ListItem","position":1,"name":"Portada","item":"https:\/\/int.formenteralines.dev\/"},{"@type":"ListItem","position":2,"name":"Club ESP"}]},{"@type":"WebSite","@id":"https:\/\/int.formenteralines.dev\/#website","url":"https:\/\/int.formenteralines.dev\/","name":"Formentera Lines","description":"","potentialAction":[{"@type":"SearchAction","target":{"@type":"EntryPoint","urlTemplate":"https:\/\/int.formenteralines.dev\/?s={search_term_string}"},"query-input":{"@type":"PropertyValueSpecification","valueRequired":true,"valueName":"search_term_string"}}],"inLanguage":"es"}]}},"_links":{"self":[{"href":"https:\/\/int.formenteralines.dev\/index.php?rest_route=\/wp\/v2\/pages\/940","targetHints":{"allow":["GET"]}}],"collection":[{"href":"https:\/\/int.formenteralines.dev\/index.php?rest_route=\/wp\/v2\/pages"}],"about":[{"href":"https:\/\/int.formenteralines.dev\/index.php?rest_route=\/wp\/v2\/types\/page"}],"author":[{"embeddable":true,"href":"https:\/\/int.formenteralines.dev\/index.php?rest_route=\/wp\/v2\/users\/1"}],"replies":[{"embeddable":true,"href":"https:\/\/int.formenteralines.dev\/index.php?rest_route=%2Fwp%2Fv2%2Fcomments&post=940"}],"version-history":[{"count":50,"href":"https:\/\/int.formenteralines.dev\/index.php?rest_route=\/wp\/v2\/pages\/940\/revisions"}],"predecessor-version":[{"id":1588,"href":"https:\/\/int.formenteralines.dev\/index.php?rest_route=\/wp\/v2\/pages\/940\/revisions\/1588"}],"wp:attachment":[{"href":"https:\/\/int.formenteralines.dev\/index.php?rest_route=%2Fwp%2Fv2%2Fmedia&parent=940"}],"curies":[{"name":"wp","href":"https:\/\/api.w.org\/{rel}","templated":true}]}}